{"id":81,"date":"2021-06-15T20:23:08","date_gmt":"2021-06-15T20:23:08","guid":{"rendered":"https:\/\/kiopi.com\/?page_id=81"},"modified":"2023-02-21T18:57:45","modified_gmt":"2023-02-21T18:57:45","slug":"caracteristicas","status":"publish","type":"page","link":"https:\/\/kiopi.com\/pt\/caracteristicas\/","title":{"rendered":"Caracter\u00edsticas"},"content":{"rendered":"<div data-elementor-type=\"wp-page\" data-elementor-id=\"81\" class=\"elementor elementor-81\" data-elementor-post-type=\"page\">\n\t\t\t\t\t\t<section class=\"elementor-section elementor-top-section elementor-element elementor-element-58a3e6f elementor-section-height-min-height elementor-section-content-top dark-gradient elementor-section-boxed elementor-section-height-default elementor-section-items-middle\" data-id=\"58a3e6f\" data-element_type=\"section\" data-e-type=\"section\" data-settings=\"{&quot;shape_divider_bottom&quot;:&quot;waves&quot;,&quot;background_background&quot;:&quot;classic&quot;}\">\n\t\t\t\t\t\t\t<div class=\"elementor-background-overlay\"><\/div>\n\t\t\t\t\t\t<div class=\"elementor-shape elementor-shape-bottom\" aria-hidden=\"true\" data-negative=\"false\">\n\t\t\t<svg xmlns=\"http:\/\/www.w3.org\/2000\/svg\" viewbox=\"0 0 1000 100\" preserveaspectratio=\"none\">\n\t<path class=\"elementor-shape-fill\" d=\"M421.9,6.5c22.6-2.5,51.5,0.4,75.5,5.3c23.6,4.9,70.9,23.5,100.5,35.7c75.8,32.2,133.7,44.5,192.6,49.7\tc23.6,2.1,48.7,3.5,103.4-2.5c54.7-6,106.2-25.6,106.2-25.6V0H0v30.3c0,0,72,32.6,158.4,30.5c39.2-0.7,92.8-6.7,134-22.4\tc21.2-8.1,52.2-18.2,79.7-24.2C399.3,7.9,411.6,7.5,421.9,6.5z\"\/>\n<\/svg>\t\t<\/div>\n\t\t\t\t\t<div class=\"elementor-container elementor-column-gap-default\">\n\t\t\t\t\t<div class=\"elementor-column elementor-col-100 elementor-top-column elementor-element elementor-element-9bbdf33\" data-id=\"9bbdf33\" data-element_type=\"column\" data-e-type=\"column\">\n\t\t\t<div class=\"elementor-widget-wrap elementor-element-populated\">\n\t\t\t\t\t\t<div class=\"elementor-element elementor-element-dbb0dc3 elementor-widget elementor-widget-heading\" data-id=\"dbb0dc3\" data-element_type=\"widget\" data-e-type=\"widget\" data-widget_type=\"heading.default\">\n\t\t\t\t<div class=\"elementor-widget-container\">\n\t\t\t\t\t<h1 class=\"elementor-heading-title elementor-size-default\">Caracter\u00edsticas<\/h1>\t\t\t\t<\/div>\n\t\t\t\t<\/div>\n\t\t\t\t\t<\/div>\n\t\t<\/div>\n\t\t\t\t\t<\/div>\n\t\t<\/section>\n\t\t\t\t<section class=\"elementor-section elementor-top-section elementor-element elementor-element-5550f27 elementor-section-boxed elementor-section-height-default elementor-section-height-default\" data-id=\"5550f27\" data-element_type=\"section\" data-e-type=\"section\">\n\t\t\t\t\t\t<div class=\"elementor-container elementor-column-gap-default\">\n\t\t\t\t\t<div class=\"elementor-column elementor-col-100 elementor-top-column elementor-element elementor-element-889d3a9\" data-id=\"889d3a9\" data-element_type=\"column\" data-e-type=\"column\">\n\t\t\t<div class=\"elementor-widget-wrap elementor-element-populated\">\n\t\t\t\t\t\t<div class=\"elementor-element elementor-element-0cdae82 elementor-widget elementor-widget-heading\" data-id=\"0cdae82\" data-element_type=\"widget\" data-e-type=\"widget\" data-widget_type=\"heading.default\">\n\t\t\t\t<div class=\"elementor-widget-container\">\n\t\t\t\t\t<h2 class=\"elementor-heading-title elementor-size-default\">Todos os recursos que voc\u00ea precisa<\/h2>\t\t\t\t<\/div>\n\t\t\t\t<\/div>\n\t\t\t\t<div class=\"elementor-element elementor-element-f6d2c60 elementor-widget__width-initial elementor-widget-tablet__width-inherit elementor-position-top elementor-widget elementor-widget-image-box\" data-id=\"f6d2c60\" data-element_type=\"widget\" data-e-type=\"widget\" data-widget_type=\"image-box.default\">\n\t\t\t\t<div class=\"elementor-widget-container\">\n\t\t\t\t\t<div class=\"elementor-image-box-wrapper\"><figure class=\"elementor-image-box-img\"><a href=\"https:\/\/kiopi.com\/pt\/caracteristicas\/planejamento\/\" tabindex=\"-1\"><img decoding=\"async\" width=\"150\" height=\"140\" src=\"https:\/\/kiopi.com\/wp-content\/uploads\/2021\/06\/check-icon.png\" class=\"attachment-full size-full wp-image-88\" alt=\"verificar\" \/><\/a><\/figure><div class=\"elementor-image-box-content\"><h3 class=\"elementor-image-box-title\"><a href=\"https:\/\/kiopi.com\/pt\/caracteristicas\/planejamento\/\">Planejamento<\/a><\/h3><p class=\"elementor-image-box-description\">Planeje suas postagens de acordo.<\/p><\/div><\/div>\t\t\t\t<\/div>\n\t\t\t\t<\/div>\n\t\t\t\t<div class=\"elementor-element elementor-element-d0adf1f elementor-widget__width-initial elementor-widget-tablet__width-inherit elementor-position-top elementor-widget elementor-widget-image-box\" data-id=\"d0adf1f\" data-element_type=\"widget\" data-e-type=\"widget\" data-widget_type=\"image-box.default\">\n\t\t\t\t<div class=\"elementor-widget-container\">\n\t\t\t\t\t<div class=\"elementor-image-box-wrapper\"><figure class=\"elementor-image-box-img\"><a href=\"https:\/\/kiopi.com\/pt\/caracteristicas\/agendamento-social-com-kiopi\/\" tabindex=\"-1\"><img decoding=\"async\" width=\"150\" height=\"140\" src=\"https:\/\/kiopi.com\/wp-content\/uploads\/2021\/06\/check-icon.png\" class=\"attachment-full size-full wp-image-88\" alt=\"verificar\" \/><\/a><\/figure><div class=\"elementor-image-box-content\"><h3 class=\"elementor-image-box-title\"><a href=\"https:\/\/kiopi.com\/pt\/caracteristicas\/agendamento-social-com-kiopi\/\">Agendamento<\/a><\/h3><p class=\"elementor-image-box-description\">Agende postagens ilimitadas.<\/p><\/div><\/div>\t\t\t\t<\/div>\n\t\t\t\t<\/div>\n\t\t\t\t<div class=\"elementor-element elementor-element-2930adb elementor-widget__width-initial elementor-widget-tablet__width-inherit elementor-position-top elementor-widget elementor-widget-image-box\" data-id=\"2930adb\" data-element_type=\"widget\" data-e-type=\"widget\" data-widget_type=\"image-box.default\">\n\t\t\t\t<div class=\"elementor-widget-container\">\n\t\t\t\t\t<div class=\"elementor-image-box-wrapper\"><figure class=\"elementor-image-box-img\"><a href=\"https:\/\/kiopi.com\/pt\/caracteristicas\/calendario-de-conteudo-de-midia-social\/\" tabindex=\"-1\"><img decoding=\"async\" width=\"150\" height=\"140\" src=\"https:\/\/kiopi.com\/wp-content\/uploads\/2021\/06\/check-icon.png\" class=\"attachment-full size-full wp-image-88\" alt=\"verificar\" \/><\/a><\/figure><div class=\"elementor-image-box-content\"><h3 class=\"elementor-image-box-title\"><a href=\"https:\/\/kiopi.com\/pt\/caracteristicas\/calendario-de-conteudo-de-midia-social\/\">Calend\u00e1rio de conte\u00fado<\/a><\/h3><p class=\"elementor-image-box-description\">Planeje, acompanhe e coordene.<\/p><\/div><\/div>\t\t\t\t<\/div>\n\t\t\t\t<\/div>\n\t\t\t\t\t<\/div>\n\t\t<\/div>\n\t\t\t\t\t<\/div>\n\t\t<\/section>\n\t\t\t\t<section class=\"elementor-section elementor-top-section elementor-element elementor-element-999e573 elementor-section-boxed elementor-section-height-default elementor-section-height-default\" data-id=\"999e573\" data-element_type=\"section\" data-e-type=\"section\">\n\t\t\t\t\t\t<div class=\"elementor-container elementor-column-gap-default\">\n\t\t\t\t\t<div class=\"elementor-column elementor-col-100 elementor-top-column elementor-element elementor-element-73dc7a5\" data-id=\"73dc7a5\" data-element_type=\"column\" data-e-type=\"column\">\n\t\t\t<div class=\"elementor-widget-wrap elementor-element-populated\">\n\t\t\t\t\t\t<div class=\"elementor-element elementor-element-2e4ea70 elementor-widget__width-initial elementor-widget-tablet__width-inherit elementor-position-top elementor-widget elementor-widget-image-box\" data-id=\"2e4ea70\" data-element_type=\"widget\" data-e-type=\"widget\" data-widget_type=\"image-box.default\">\n\t\t\t\t<div class=\"elementor-widget-container\">\n\t\t\t\t\t<div class=\"elementor-image-box-wrapper\"><figure class=\"elementor-image-box-img\"><a href=\"https:\/\/kiopi.com\/pt\/caracteristicas\/analise-de-midia-social\/\" tabindex=\"-1\"><img decoding=\"async\" width=\"150\" height=\"140\" src=\"https:\/\/kiopi.com\/wp-content\/uploads\/2021\/06\/check-icon.png\" class=\"attachment-full size-full wp-image-88\" alt=\"verificar\" \/><\/a><\/figure><div class=\"elementor-image-box-content\"><h3 class=\"elementor-image-box-title\"><a href=\"https:\/\/kiopi.com\/pt\/caracteristicas\/analise-de-midia-social\/\">An\u00e1lise<\/a><\/h3><p class=\"elementor-image-box-description\">Colete dados de engajamento.<\/p><\/div><\/div>\t\t\t\t<\/div>\n\t\t\t\t<\/div>\n\t\t\t\t<div class=\"elementor-element elementor-element-f253e9e elementor-widget__width-initial elementor-widget-tablet__width-inherit elementor-position-top elementor-widget elementor-widget-image-box\" data-id=\"f253e9e\" data-element_type=\"widget\" data-e-type=\"widget\" data-widget_type=\"image-box.default\">\n\t\t\t\t<div class=\"elementor-widget-container\">\n\t\t\t\t\t<div class=\"elementor-image-box-wrapper\"><figure class=\"elementor-image-box-img\"><a href=\"https:\/\/kiopi.com\/pt\/caracteristicas\/gerenciamento-de-campanhas-em-midias-sociais\/\" tabindex=\"-1\"><img decoding=\"async\" width=\"150\" height=\"140\" src=\"https:\/\/kiopi.com\/wp-content\/uploads\/2021\/06\/check-icon.png\" class=\"attachment-full size-full wp-image-88\" alt=\"verificar\" \/><\/a><\/figure><div class=\"elementor-image-box-content\"><h3 class=\"elementor-image-box-title\"><a href=\"https:\/\/kiopi.com\/pt\/caracteristicas\/gerenciamento-de-campanhas-em-midias-sociais\/\">Gerenciamento de campanha<\/a><\/h3><p class=\"elementor-image-box-description\">Obtenha seus objetivos de neg\u00f3cios.<\/p><\/div><\/div>\t\t\t\t<\/div>\n\t\t\t\t<\/div>\n\t\t\t\t<div class=\"elementor-element elementor-element-d83b1b9 elementor-widget__width-initial elementor-widget-tablet__width-inherit elementor-position-top elementor-widget elementor-widget-image-box\" data-id=\"d83b1b9\" data-element_type=\"widget\" data-e-type=\"widget\" data-widget_type=\"image-box.default\">\n\t\t\t\t<div class=\"elementor-widget-container\">\n\t\t\t\t\t<div class=\"elementor-image-box-wrapper\"><figure class=\"elementor-image-box-img\"><a href=\"https:\/\/kiopi.com\/pt\/caracteristicas\/gerenciamento-de-campanhas-em-midias-sociais\/\" tabindex=\"-1\"><img decoding=\"async\" width=\"150\" height=\"140\" src=\"https:\/\/kiopi.com\/wp-content\/uploads\/2021\/06\/check-icon.png\" class=\"attachment-full size-full wp-image-88\" alt=\"verificar\" \/><\/a><\/figure><div class=\"elementor-image-box-content\"><h3 class=\"elementor-image-box-title\"><a href=\"https:\/\/kiopi.com\/pt\/caracteristicas\/gerenciamento-de-campanhas-em-midias-sociais\/\">Encurtador de links<\/a><\/h3><p class=\"elementor-image-box-description\">Chega de URLs longos e feios.<\/p><\/div><\/div>\t\t\t\t<\/div>\n\t\t\t\t<\/div>\n\t\t\t\t\t<\/div>\n\t\t<\/div>\n\t\t\t\t\t<\/div>\n\t\t<\/section>\n\t\t\t\t<section class=\"elementor-section elementor-top-section elementor-element elementor-element-f74910e elementor-section-boxed elementor-section-height-default elementor-section-height-default\" data-id=\"f74910e\" data-element_type=\"section\" data-e-type=\"section\">\n\t\t\t\t\t\t<div class=\"elementor-container elementor-column-gap-default\">\n\t\t\t\t\t<div class=\"elementor-column elementor-col-100 elementor-top-column elementor-element elementor-element-754939e\" data-id=\"754939e\" data-element_type=\"column\" data-e-type=\"column\">\n\t\t\t<div class=\"elementor-widget-wrap elementor-element-populated\">\n\t\t\t\t\t\t<div class=\"elementor-element elementor-element-86c5760 elementor-widget elementor-widget-heading\" data-id=\"86c5760\" data-element_type=\"widget\" data-e-type=\"widget\" data-widget_type=\"heading.default\">\n\t\t\t\t<div class=\"elementor-widget-container\">\n\t\t\t\t\t<h2 class=\"elementor-heading-title elementor-size-default\">Mais...<\/h2>\t\t\t\t<\/div>\n\t\t\t\t<\/div>\n\t\t\t\t<div class=\"elementor-element elementor-element-c775bb2 elementor-widget elementor-widget-heading\" data-id=\"c775bb2\" data-element_type=\"widget\" data-e-type=\"widget\" data-widget_type=\"heading.default\">\n\t\t\t\t<div class=\"elementor-widget-container\">\n\t\t\t\t\t<h3 class=\"elementor-heading-title elementor-size-large\">Clientes ilimitados, campanhas ilimitadas, at\u00e9 16 usu\u00e1rios, <br>At\u00e9 200 contas sociais e suporte priorit\u00e1rio 24 horas por dia, 7 dias por semana!<\/h3>\t\t\t\t<\/div>\n\t\t\t\t<\/div>\n\t\t\t\t\t<\/div>\n\t\t<\/div>\n\t\t\t\t\t<\/div>\n\t\t<\/section>\n\t\t\t\t<\/div>","protected":false},"excerpt":{"rendered":"<p>Recursos Todos os recursos que voc\u00ea precisa Planejamento Planeje suas postagens de acordo. Agendamento Agende postagens ilimitadas. Calend\u00e1rio de conte\u00fado Planeje, acompanhe e coordene. Analytics Re\u00fana dados de engajamento. Gerenciamento de campanhas Obtenha seus objetivos de neg\u00f3cios. Encurtador de links Chega de URLs longos e feios. Al\u00e9m disso\u2026 Clientes ilimitados, campanhas ilimitadas, at\u00e9 16 usu\u00e1rios, at\u00e9 200 contas sociais e 24 horas por dia, 7 dias por semana [\u2026]<\/p>","protected":false},"author":2,"featured_media":0,"parent":0,"menu_order":0,"comment_status":"closed","ping_status":"closed","template":"","meta":{"footnotes":""},"class_list":["post-81","page","type-page","status-publish","hentry"],"yoast_head":"<!-- This site is optimized with the Yoast SEO plugin v26.9 - https:\/\/yoast.com\/product\/yoast-seo-wordpress\/ -->\n<title>KIOPI Features | Social Media Management Software Features<\/title>\n<meta name=\"description\" content=\"KIOPI Social Media Management Platform Features Include: URL Link Shortener, Content Calendar, Social Post Scheduler, Analytics and More!\" \/>\n<meta name=\"robots\" content=\"index, follow, max-snippet:-1, max-image-preview:large, max-video-preview:-1\" \/>\n<link rel=\"canonical\" href=\"https:\/\/kiopi.com\/pt\/caracteristicas\/\" \/>\n<meta property=\"og:locale\" content=\"pt_BR\" \/>\n<meta property=\"og:type\" content=\"article\" \/>\n<meta property=\"og:title\" content=\"KIOPI Features | Social Media Management Software Features\" \/>\n<meta property=\"og:description\" content=\"KIOPI Social Media Management Platform Features Include: URL Link Shortener, Content Calendar, Social Post Scheduler, Analytics and More!\" \/>\n<meta property=\"og:url\" content=\"https:\/\/kiopi.com\/pt\/caracteristicas\/\" \/>\n<meta property=\"og:site_name\" content=\"KIOPI Social Media Management Software\" \/>\n<meta property=\"article:publisher\" content=\"https:\/\/www.facebook.com\/getkiopi\" \/>\n<meta property=\"article:modified_time\" content=\"2023-02-21T18:57:45+00:00\" \/>\n<meta property=\"og:image\" content=\"https:\/\/kiopi.com\/wp-content\/uploads\/2021\/06\/check-icon.png\" \/>\n<meta name=\"twitter:card\" content=\"summary_large_image\" \/>\n<meta name=\"twitter:label1\" content=\"Est. tempo de leitura\" \/>\n\t<meta name=\"twitter:data1\" content=\"2 minutos\" \/>\n<script type=\"application\/ld+json\" class=\"yoast-schema-graph\">{\"@context\":\"https:\/\/schema.org\",\"@graph\":[{\"@type\":\"WebPage\",\"@id\":\"https:\/\/kiopi.com\/features\/\",\"url\":\"https:\/\/kiopi.com\/features\/\",\"name\":\"KIOPI Features | Social Media Management Software Features\",\"isPartOf\":{\"@id\":\"https:\/\/kiopi.com\/#website\"},\"primaryImageOfPage\":{\"@id\":\"https:\/\/kiopi.com\/features\/#primaryimage\"},\"image\":{\"@id\":\"https:\/\/kiopi.com\/features\/#primaryimage\"},\"thumbnailUrl\":\"https:\/\/kiopi.com\/wp-content\/uploads\/2021\/06\/check-icon.png\",\"datePublished\":\"2021-06-15T20:23:08+00:00\",\"dateModified\":\"2023-02-21T18:57:45+00:00\",\"description\":\"KIOPI Social Media Management Platform Features Include: URL Link Shortener, Content Calendar, Social Post Scheduler, Analytics and More!\",\"breadcrumb\":{\"@id\":\"https:\/\/kiopi.com\/features\/#breadcrumb\"},\"inLanguage\":\"pt-BR\",\"potentialAction\":[{\"@type\":\"ReadAction\",\"target\":[\"https:\/\/kiopi.com\/features\/\"]}]},{\"@type\":\"ImageObject\",\"inLanguage\":\"pt-BR\",\"@id\":\"https:\/\/kiopi.com\/features\/#primaryimage\",\"url\":\"https:\/\/kiopi.com\/wp-content\/uploads\/2021\/06\/check-icon.png\",\"contentUrl\":\"https:\/\/kiopi.com\/wp-content\/uploads\/2021\/06\/check-icon.png\"},{\"@type\":\"BreadcrumbList\",\"@id\":\"https:\/\/kiopi.com\/features\/#breadcrumb\",\"itemListElement\":[{\"@type\":\"ListItem\",\"position\":1,\"name\":\"Home\",\"item\":\"https:\/\/kiopi.com\/\"},{\"@type\":\"ListItem\",\"position\":2,\"name\":\"Features\"}]},{\"@type\":\"WebSite\",\"@id\":\"https:\/\/kiopi.com\/#website\",\"url\":\"https:\/\/kiopi.com\/\",\"name\":\"KIOPI Social Media Management Software\",\"description\":\"\",\"publisher\":{\"@id\":\"https:\/\/kiopi.com\/#organization\"},\"potentialAction\":[{\"@type\":\"SearchAction\",\"target\":{\"@type\":\"EntryPoint\",\"urlTemplate\":\"https:\/\/kiopi.com\/?s={search_term_string}\"},\"query-input\":{\"@type\":\"PropertyValueSpecification\",\"valueRequired\":true,\"valueName\":\"search_term_string\"}}],\"inLanguage\":\"pt-BR\"},{\"@type\":\"Organization\",\"@id\":\"https:\/\/kiopi.com\/#organization\",\"name\":\"Kiopi Social Media Management Software\",\"url\":\"https:\/\/kiopi.com\/\",\"logo\":{\"@type\":\"ImageObject\",\"inLanguage\":\"pt-BR\",\"@id\":\"https:\/\/kiopi.com\/#\/schema\/logo\/image\/\",\"url\":\"https:\/\/kiopi.com\/wp-content\/uploads\/2021\/01\/cropped-kiopi-social-media-management-software.png\",\"contentUrl\":\"https:\/\/kiopi.com\/wp-content\/uploads\/2021\/01\/cropped-kiopi-social-media-management-software.png\",\"width\":674,\"height\":258,\"caption\":\"Kiopi Social Media Management Software\"},\"image\":{\"@id\":\"https:\/\/kiopi.com\/#\/schema\/logo\/image\/\"},\"sameAs\":[\"https:\/\/www.facebook.com\/getkiopi\"]}]}<\/script>\n<!-- \/ Yoast SEO plugin. -->","yoast_head_json":{"title":"Recursos do KIOPI | Recursos de software de gerenciamento de m\u00eddia social","description":"Os recursos da plataforma de gerenciamento de m\u00eddia social KIOPI incluem: encurtador de link de URL, calend\u00e1rio de conte\u00fado, agendador de postagem social, an\u00e1lises e muito mais!","robots":{"index":"index","follow":"follow","max-snippet":"max-snippet:-1","max-image-preview":"max-image-preview:large","max-video-preview":"max-video-preview:-1"},"canonical":"https:\/\/kiopi.com\/pt\/caracteristicas\/","og_locale":"pt_BR","og_type":"article","og_title":"KIOPI Features | Social Media Management Software Features","og_description":"KIOPI Social Media Management Platform Features Include: URL Link Shortener, Content Calendar, Social Post Scheduler, Analytics and More!","og_url":"https:\/\/kiopi.com\/pt\/caracteristicas\/","og_site_name":"KIOPI Social Media Management Software","article_publisher":"https:\/\/www.facebook.com\/getkiopi","article_modified_time":"2023-02-21T18:57:45+00:00","og_image":[{"url":"https:\/\/kiopi.com\/wp-content\/uploads\/2021\/06\/check-icon.png","type":"","width":"","height":""}],"twitter_card":"summary_large_image","twitter_misc":{"Est. tempo de leitura":"2 minutos"},"schema":{"@context":"https:\/\/schema.org","@graph":[{"@type":"WebPage","@id":"https:\/\/kiopi.com\/features\/","url":"https:\/\/kiopi.com\/features\/","name":"Recursos do KIOPI | Recursos de software de gerenciamento de m\u00eddia social","isPartOf":{"@id":"https:\/\/kiopi.com\/#website"},"primaryImageOfPage":{"@id":"https:\/\/kiopi.com\/features\/#primaryimage"},"image":{"@id":"https:\/\/kiopi.com\/features\/#primaryimage"},"thumbnailUrl":"https:\/\/kiopi.com\/wp-content\/uploads\/2021\/06\/check-icon.png","datePublished":"2021-06-15T20:23:08+00:00","dateModified":"2023-02-21T18:57:45+00:00","description":"Os recursos da plataforma de gerenciamento de m\u00eddia social KIOPI incluem: encurtador de link de URL, calend\u00e1rio de conte\u00fado, agendador de postagem social, an\u00e1lises e muito mais!","breadcrumb":{"@id":"https:\/\/kiopi.com\/features\/#breadcrumb"},"inLanguage":"pt-BR","potentialAction":[{"@type":"ReadAction","target":["https:\/\/kiopi.com\/features\/"]}]},{"@type":"ImageObject","inLanguage":"pt-BR","@id":"https:\/\/kiopi.com\/features\/#primaryimage","url":"https:\/\/kiopi.com\/wp-content\/uploads\/2021\/06\/check-icon.png","contentUrl":"https:\/\/kiopi.com\/wp-content\/uploads\/2021\/06\/check-icon.png"},{"@type":"BreadcrumbList","@id":"https:\/\/kiopi.com\/features\/#breadcrumb","itemListElement":[{"@type":"ListItem","position":1,"name":"Home","item":"https:\/\/kiopi.com\/"},{"@type":"ListItem","position":2,"name":"Features"}]},{"@type":"WebSite","@id":"https:\/\/kiopi.com\/#website","url":"https:\/\/kiopi.com\/","name":"Software de gerenciamento de m\u00eddia social KIOPI","description":"","publisher":{"@id":"https:\/\/kiopi.com\/#organization"},"potentialAction":[{"@type":"SearchAction","target":{"@type":"EntryPoint","urlTemplate":"https:\/\/kiopi.com\/?s={search_term_string}"},"query-input":{"@type":"PropertyValueSpecification","valueRequired":true,"valueName":"search_term_string"}}],"inLanguage":"pt-BR"},{"@type":"Organization","@id":"https:\/\/kiopi.com\/#organization","name":"Software de gerenciamento de m\u00eddia social Kiopi","url":"https:\/\/kiopi.com\/","logo":{"@type":"ImageObject","inLanguage":"pt-BR","@id":"https:\/\/kiopi.com\/#\/schema\/logo\/image\/","url":"https:\/\/kiopi.com\/wp-content\/uploads\/2021\/01\/cropped-kiopi-social-media-management-software.png","contentUrl":"https:\/\/kiopi.com\/wp-content\/uploads\/2021\/01\/cropped-kiopi-social-media-management-software.png","width":674,"height":258,"caption":"Kiopi Social Media Management Software"},"image":{"@id":"https:\/\/kiopi.com\/#\/schema\/logo\/image\/"},"sameAs":["https:\/\/www.facebook.com\/getkiopi"]}]}},"_links":{"self":[{"href":"https:\/\/kiopi.com\/pt\/wp-json\/wp\/v2\/pages\/81","targetHints":{"allow":["GET"]}}],"collection":[{"href":"https:\/\/kiopi.com\/pt\/wp-json\/wp\/v2\/pages"}],"about":[{"href":"https:\/\/kiopi.com\/pt\/wp-json\/wp\/v2\/types\/page"}],"author":[{"embeddable":true,"href":"https:\/\/kiopi.com\/pt\/wp-json\/wp\/v2\/users\/2"}],"replies":[{"embeddable":true,"href":"https:\/\/kiopi.com\/pt\/wp-json\/wp\/v2\/comments?post=81"}],"version-history":[{"count":0,"href":"https:\/\/kiopi.com\/pt\/wp-json\/wp\/v2\/pages\/81\/revisions"}],"wp:attachment":[{"href":"https:\/\/kiopi.com\/pt\/wp-json\/wp\/v2\/media?parent=81"}],"curies":[{"name":"wp","href":"https:\/\/api.w.org\/{rel}","templated":true}]}}