{"id":227,"date":"2021-07-19T17:26:20","date_gmt":"2021-07-19T17:26:20","guid":{"rendered":"https:\/\/kiopi.com\/?page_id=227"},"modified":"2022-12-21T17:55:19","modified_gmt":"2022-12-21T17:55:19","slug":"sobre-kiopi","status":"publish","type":"page","link":"https:\/\/kiopi.com\/pt\/sobre-kiopi\/","title":{"rendered":"Sobre Kiopi"},"content":{"rendered":"<div data-elementor-type=\"wp-page\" data-elementor-id=\"227\" class=\"elementor elementor-227\" data-elementor-post-type=\"page\">\n\t\t\t\t\t\t<section class=\"elementor-section elementor-top-section elementor-element elementor-element-d2b1beb elementor-section-height-min-height elementor-section-content-top dark-gradient elementor-section-boxed elementor-section-height-default elementor-section-items-middle\" data-id=\"d2b1beb\" data-element_type=\"section\" data-e-type=\"section\" data-settings=\"{&quot;shape_divider_bottom&quot;:&quot;waves&quot;,&quot;background_background&quot;:&quot;classic&quot;}\">\n\t\t\t\t\t\t\t<div class=\"elementor-background-overlay\"><\/div>\n\t\t\t\t\t\t<div class=\"elementor-shape elementor-shape-bottom\" aria-hidden=\"true\" data-negative=\"false\">\n\t\t\t<svg xmlns=\"http:\/\/www.w3.org\/2000\/svg\" viewbox=\"0 0 1000 100\" preserveaspectratio=\"none\">\n\t<path class=\"elementor-shape-fill\" d=\"M421.9,6.5c22.6-2.5,51.5,0.4,75.5,5.3c23.6,4.9,70.9,23.5,100.5,35.7c75.8,32.2,133.7,44.5,192.6,49.7\tc23.6,2.1,48.7,3.5,103.4-2.5c54.7-6,106.2-25.6,106.2-25.6V0H0v30.3c0,0,72,32.6,158.4,30.5c39.2-0.7,92.8-6.7,134-22.4\tc21.2-8.1,52.2-18.2,79.7-24.2C399.3,7.9,411.6,7.5,421.9,6.5z\"\/>\n<\/svg>\t\t<\/div>\n\t\t\t\t\t<div class=\"elementor-container elementor-column-gap-default\">\n\t\t\t\t\t<div class=\"elementor-column elementor-col-100 elementor-top-column elementor-element elementor-element-f3f9cc9\" data-id=\"f3f9cc9\" data-element_type=\"column\" data-e-type=\"column\">\n\t\t\t<div class=\"elementor-widget-wrap elementor-element-populated\">\n\t\t\t\t\t\t<div class=\"elementor-element elementor-element-70c59aa elementor-widget elementor-widget-heading\" data-id=\"70c59aa\" data-element_type=\"widget\" data-e-type=\"widget\" data-widget_type=\"heading.default\">\n\t\t\t\t<div class=\"elementor-widget-container\">\n\t\t\t\t\t<h2 class=\"elementor-heading-title elementor-size-default\">Sobre Kiopi<\/h2>\t\t\t\t<\/div>\n\t\t\t\t<\/div>\n\t\t\t\t\t<\/div>\n\t\t<\/div>\n\t\t\t\t\t<\/div>\n\t\t<\/section>\n\t\t\t\t<section class=\"elementor-section elementor-top-section elementor-element elementor-element-f2d3f84 elementor-section-height-min-height elementor-section-boxed elementor-section-height-default elementor-section-items-middle\" data-id=\"f2d3f84\" data-element_type=\"section\" data-e-type=\"section\" data-settings=\"{&quot;background_background&quot;:&quot;classic&quot;}\">\n\t\t\t\t\t\t\t<div class=\"elementor-background-overlay\"><\/div>\n\t\t\t\t\t\t\t<div class=\"elementor-container elementor-column-gap-default\">\n\t\t\t\t\t<div class=\"elementor-column elementor-col-100 elementor-top-column elementor-element elementor-element-b254bfc\" data-id=\"b254bfc\" data-element_type=\"column\" data-e-type=\"column\">\n\t\t\t<div class=\"elementor-widget-wrap elementor-element-populated\">\n\t\t\t\t\t\t<div class=\"elementor-element elementor-element-35e5aee elementor-widget elementor-widget-heading\" data-id=\"35e5aee\" data-element_type=\"widget\" data-e-type=\"widget\" data-widget_type=\"heading.default\">\n\t\t\t\t<div class=\"elementor-widget-container\">\n\t\t\t\t\t<h1 class=\"elementor-heading-title elementor-size-xxl\">M\u00eddia social bem feita<\/h1>\t\t\t\t<\/div>\n\t\t\t\t<\/div>\n\t\t\t\t<div class=\"elementor-element elementor-element-1e18233 elementor-widget__width-initial elementor-widget-tablet__width-inherit elementor-widget-mobile__width-inherit elementor-widget elementor-widget-text-editor\" data-id=\"1e18233\" data-element_type=\"widget\" data-e-type=\"widget\" data-widget_type=\"text-editor.default\">\n\t\t\t\t<div class=\"elementor-widget-container\">\n\t\t\t\t\t\t\t\t\t<p>Kiopi \u00e9 um aplicativo de marketing de m\u00eddia social que foi feito com inten\u00e7\u00e3o. Nossos criadores colocaram um pensamento cuidadoso e estrat\u00e9gico nesta plataforma para tornar o agendamento social em todas as principais redes de m\u00eddia social o mais simples e eficiente poss\u00edvel, ajudando voc\u00ea a gerenciar voc\u00ea e seus clientes. <a href=\"https:\/\/kiopi.com\/pt\/postando-no-facebook\/\">Facebook<\/a>, <a href=\"https:\/\/kiopi.com\/pt\/postando-no-instagram\/\">Instagram<\/a>, <a href=\"https:\/\/kiopi.com\/pt\/postando-no-twitter\/\">Twitter<\/a>, <a href=\"https:\/\/kiopi.com\/pt\/postando-no-linkedin\/\">LinkedIn<\/a>, e <a href=\"https:\/\/kiopi.com\/pt\/postando-no-gmb\/\">Google Meu Neg\u00f3cio<\/a> contas tudo em um local conveniente.<\/p><p>O Kiopi foi desenvolvido por um grupo de profissionais familiarizados com o mundo do agendamento em massa de postagens nas redes sociais. Como tal, tamb\u00e9m estamos familiarizados com as suas defici\u00eancias.<\/p><p>Tentamos de tudo e, francamente, n\u00e3o ficamos satisfeitos com as plataformas dispon\u00edveis atualmente. Por isso, equipamos uma equipe, n\u00e3o para buscar uma solu\u00e7\u00e3o melhor, mas para criar a nossa pr\u00f3pria \u2013 uma que atenda \u00e0s necessidades do usu\u00e1rio m\u00e9dio, do ponto de vista do usu\u00e1rio.<\/p><p>E assim nasceu Kiopi. Kiopi foi projetado pensando em VOC\u00ca. Com o crescimento sempre presente e cont\u00ednuo do gerenciamento de m\u00eddias sociais e o m\u00e9rito que adv\u00e9m de campanhas bem-sucedidas, reconhecemos a import\u00e2ncia de uma ferramenta de agendamento social eficaz e f\u00e1cil de usar, que tira de suas m\u00e3os o estresse das postagens di\u00e1rias.<\/p>\t\t\t\t\t\t\t\t<\/div>\n\t\t\t\t<\/div>\n\t\t\t\t<div class=\"elementor-element elementor-element-f557fa4 elementor-align-left elementor-widget__width-inherit elementor-tablet-align-left elementor-widget-tablet__width-inherit elementor-widget elementor-widget-button\" data-id=\"f557fa4\" data-element_type=\"widget\" data-e-type=\"widget\" data-widget_type=\"button.default\">\n\t\t\t\t<div class=\"elementor-widget-container\">\n\t\t\t\t\t\t\t\t\t<div class=\"elementor-button-wrapper\">\n\t\t\t\t\t<a class=\"elementor-button elementor-button-link elementor-size-sm\" href=\"https:\/\/app.kiopi.com\/plans\" target=\"_blank\">\n\t\t\t\t\t\t<span class=\"elementor-button-content-wrapper\">\n\t\t\t\t\t\t<span class=\"elementor-button-icon\">\n\t\t\t\t<i aria-hidden=\"true\" class=\"fas fa-caret-right\"><\/i>\t\t\t<\/span>\n\t\t\t\t\t\t\t\t\t<span class=\"elementor-button-text\">Inicie o seu teste gratuito<\/span>\n\t\t\t\t\t<\/span>\n\t\t\t\t\t<\/a>\n\t\t\t\t<\/div>\n\t\t\t\t\t\t\t\t<\/div>\n\t\t\t\t<\/div>\n\t\t\t\t\t<\/div>\n\t\t<\/div>\n\t\t\t\t\t<\/div>\n\t\t<\/section>\n\t\t\t\t<section class=\"elementor-section elementor-top-section elementor-element elementor-element-c83a658 elementor-section-boxed elementor-section-height-default elementor-section-height-default\" data-id=\"c83a658\" data-element_type=\"section\" data-e-type=\"section\" data-settings=\"{&quot;background_background&quot;:&quot;gradient&quot;,&quot;shape_divider_top&quot;:&quot;waves&quot;,&quot;shape_divider_bottom&quot;:&quot;waves&quot;}\">\n\t\t\t\t\t\t\t<div class=\"elementor-background-overlay\"><\/div>\n\t\t\t\t\t\t<div class=\"elementor-shape elementor-shape-top\" aria-hidden=\"true\" data-negative=\"false\">\n\t\t\t<svg xmlns=\"http:\/\/www.w3.org\/2000\/svg\" viewbox=\"0 0 1000 100\" preserveaspectratio=\"none\">\n\t<path class=\"elementor-shape-fill\" d=\"M421.9,6.5c22.6-2.5,51.5,0.4,75.5,5.3c23.6,4.9,70.9,23.5,100.5,35.7c75.8,32.2,133.7,44.5,192.6,49.7\tc23.6,2.1,48.7,3.5,103.4-2.5c54.7-6,106.2-25.6,106.2-25.6V0H0v30.3c0,0,72,32.6,158.4,30.5c39.2-0.7,92.8-6.7,134-22.4\tc21.2-8.1,52.2-18.2,79.7-24.2C399.3,7.9,411.6,7.5,421.9,6.5z\"\/>\n<\/svg>\t\t<\/div>\n\t\t\t\t<div class=\"elementor-shape elementor-shape-bottom\" aria-hidden=\"true\" data-negative=\"false\">\n\t\t\t<svg xmlns=\"http:\/\/www.w3.org\/2000\/svg\" viewbox=\"0 0 1000 100\" preserveaspectratio=\"none\">\n\t<path class=\"elementor-shape-fill\" d=\"M421.9,6.5c22.6-2.5,51.5,0.4,75.5,5.3c23.6,4.9,70.9,23.5,100.5,35.7c75.8,32.2,133.7,44.5,192.6,49.7\tc23.6,2.1,48.7,3.5,103.4-2.5c54.7-6,106.2-25.6,106.2-25.6V0H0v30.3c0,0,72,32.6,158.4,30.5c39.2-0.7,92.8-6.7,134-22.4\tc21.2-8.1,52.2-18.2,79.7-24.2C399.3,7.9,411.6,7.5,421.9,6.5z\"\/>\n<\/svg>\t\t<\/div>\n\t\t\t\t\t<div class=\"elementor-container elementor-column-gap-default\">\n\t\t\t\t\t<div class=\"elementor-column elementor-col-100 elementor-top-column elementor-element elementor-element-78913b2\" data-id=\"78913b2\" data-element_type=\"column\" data-e-type=\"column\">\n\t\t\t<div class=\"elementor-widget-wrap elementor-element-populated\">\n\t\t\t\t\t\t<div class=\"elementor-element elementor-element-38845f1 elementor-widget__width-initial elementor-widget-tablet__width-inherit elementor-widget elementor-widget-text-editor\" data-id=\"38845f1\" data-element_type=\"widget\" data-e-type=\"widget\" data-widget_type=\"text-editor.default\">\n\t\t\t\t<div class=\"elementor-widget-container\">\n\t\t\t\t\t\t\t\t\t<h2><span style=\"color: #ffffff;\">O que nos torna diferentes<\/span><\/h2>\nSabemos que existem muitas op\u00e7\u00f5es para voc\u00ea escolher, mas tamb\u00e9m entendemos pessoalmente a dor de cabe\u00e7a que acompanha esses softwares de agendamento complicados, n\u00e3o confi\u00e1veis e caros que j\u00e1 estavam dispon\u00edveis para voc\u00ea. Ent\u00e3o, o que torna o Kiopi diferente dos demais? \u00c9 simples. N\u00e3o, na verdade \u00e9 isso \u2013 Kiopi \u00e9 simples. \u00c9 uma ferramenta f\u00e1cil de navegar que permite simplificar o processo de gerenciamento e agendamento de v\u00e1rias contas de m\u00eddia social ao mesmo tempo. Criamos nosso aplicativo para ser o mais simples poss\u00edvel, com pessoas reais que realmente usam e se beneficiam do software de agendamento social nos bastidores e est\u00e3o prontas para ajud\u00e1-lo de todas as maneiras que pudermos.\t\t\t\t\t\t\t\t<\/div>\n\t\t\t\t<\/div>\n\t\t\t\t<div class=\"elementor-element elementor-element-5b99bc3 elementor-widget__width-initial elementor-widget-tablet__width-initial elementor-widget-mobile__width-inherit elementor-widget elementor-widget-image\" data-id=\"5b99bc3\" data-element_type=\"widget\" data-e-type=\"widget\" data-widget_type=\"image.default\">\n\t\t\t\t<div class=\"elementor-widget-container\">\n\t\t\t\t\t\t\t\t\t\t\t\t\t\t\t<img fetchpriority=\"high\" decoding=\"async\" width=\"600\" height=\"568\" src=\"https:\/\/kiopi.com\/wp-content\/uploads\/2021\/07\/twitter-graphic-01.png\" class=\"attachment-large size-large wp-image-145\" alt=\"Planejamento de m\u00eddia social com Kiopi\" srcset=\"https:\/\/kiopi.com\/wp-content\/uploads\/2021\/07\/twitter-graphic-01.png 600w, https:\/\/kiopi.com\/wp-content\/uploads\/2021\/07\/twitter-graphic-01-300x284.png 300w\" sizes=\"(max-width: 600px) 100vw, 600px\" \/>\t\t\t\t\t\t\t\t\t\t\t\t\t\t\t<\/div>\n\t\t\t\t<\/div>\n\t\t\t\t<div class=\"elementor-element elementor-element-3db61b1 elementor-widget__width-initial elementor-widget-tablet__width-inherit elementor-widget elementor-widget-text-editor\" data-id=\"3db61b1\" data-element_type=\"widget\" data-e-type=\"widget\" data-widget_type=\"text-editor.default\">\n\t\t\t\t<div class=\"elementor-widget-container\">\n\t\t\t\t\t\t\t\t\t<p>O que mais? Kiopi tamb\u00e9m oferece acesso a mais usu\u00e1rios e contas do que qualquer um dos nossos outros concorrentes. Quer voc\u00ea seja um indiv\u00edduo gerenciando suas pr\u00f3prias contas ou uma grande ag\u00eancia gerenciando centenas, o Kiopi tem o que voc\u00ea precisa. Oferecemos uma variedade de planos de pagamento para atender \u00e0s suas demandas, para que voc\u00ea pague apenas pelo que precisa.<\/p><p>Kiopi \u00e9 A solu\u00e7\u00e3o para ajud\u00e1-lo a implementar (ou melhorar) sua estrat\u00e9gia de gerenciamento de m\u00eddia social, ajudando voc\u00ea a agilizar as opera\u00e7\u00f5es sociais, aumentar o envolvimento do cliente e melhorar leads e receitas gerais. Com a ajuda do Kiopi, voc\u00ea pode organizar todas as suas postagens sociais com bastante anteced\u00eancia com um \u00fanico clique de um bot\u00e3o, economizando tempo, energia e \u2013 gra\u00e7as \u00e0s nossas op\u00e7\u00f5es de pre\u00e7os imbat\u00edveis \u2013 dinheiro!<\/p>\t\t\t\t\t\t\t\t<\/div>\n\t\t\t\t<\/div>\n\t\t\t\t\t<\/div>\n\t\t<\/div>\n\t\t\t\t\t<\/div>\n\t\t<\/section>\n\t\t\t\t<section class=\"elementor-section elementor-top-section elementor-element elementor-element-5736559 elementor-section-content-middle elementor-section-boxed elementor-section-height-default elementor-section-height-default\" data-id=\"5736559\" data-element_type=\"section\" data-e-type=\"section\" data-settings=\"{&quot;shape_divider_bottom&quot;:&quot;waves&quot;,&quot;background_background&quot;:&quot;gradient&quot;}\">\n\t\t\t\t\t<div class=\"elementor-shape elementor-shape-bottom\" aria-hidden=\"true\" data-negative=\"false\">\n\t\t\t<svg xmlns=\"http:\/\/www.w3.org\/2000\/svg\" viewbox=\"0 0 1000 100\" preserveaspectratio=\"none\">\n\t<path class=\"elementor-shape-fill\" d=\"M421.9,6.5c22.6-2.5,51.5,0.4,75.5,5.3c23.6,4.9,70.9,23.5,100.5,35.7c75.8,32.2,133.7,44.5,192.6,49.7\tc23.6,2.1,48.7,3.5,103.4-2.5c54.7-6,106.2-25.6,106.2-25.6V0H0v30.3c0,0,72,32.6,158.4,30.5c39.2-0.7,92.8-6.7,134-22.4\tc21.2-8.1,52.2-18.2,79.7-24.2C399.3,7.9,411.6,7.5,421.9,6.5z\"\/>\n<\/svg>\t\t<\/div>\n\t\t\t\t\t<div class=\"elementor-container elementor-column-gap-default\">\n\t\t\t\t\t<div class=\"elementor-column elementor-col-100 elementor-top-column elementor-element elementor-element-ff8b801\" data-id=\"ff8b801\" data-element_type=\"column\" data-e-type=\"column\">\n\t\t\t<div class=\"elementor-widget-wrap elementor-element-populated\">\n\t\t\t\t\t\t<div class=\"elementor-element elementor-element-ca4666c elementor-widget-tablet__width-inherit elementor-widget__width-initial elementor-widget elementor-widget-text-editor\" data-id=\"ca4666c\" data-element_type=\"widget\" data-e-type=\"widget\" data-widget_type=\"text-editor.default\">\n\t\t\t\t<div class=\"elementor-widget-container\">\n\t\t\t\t\t\t\t\t\t<h2><span style=\"color: #ffffff;\">Ainda n\u00e3o est\u00e1 convencido?<\/span><\/h2><p>Experimente o teste gratuito de 14 dias do Kiopi e deixe nossos resultados falarem por si.<\/p>\t\t\t\t\t\t\t\t<\/div>\n\t\t\t\t<\/div>\n\t\t\t\t<div class=\"elementor-element elementor-element-d51d3aa elementor-align-center elementor-widget__width-initial elementor-tablet-align-left elementor-widget-tablet__width-inherit elementor-widget elementor-widget-button\" data-id=\"d51d3aa\" data-element_type=\"widget\" data-e-type=\"widget\" data-widget_type=\"button.default\">\n\t\t\t\t<div class=\"elementor-widget-container\">\n\t\t\t\t\t\t\t\t\t<div class=\"elementor-button-wrapper\">\n\t\t\t\t\t<a class=\"elementor-button elementor-button-link elementor-size-sm\" href=\"https:\/\/app.kiopi.com\/plans\" target=\"_blank\">\n\t\t\t\t\t\t<span class=\"elementor-button-content-wrapper\">\n\t\t\t\t\t\t<span class=\"elementor-button-icon\">\n\t\t\t\t<i aria-hidden=\"true\" class=\"fas fa-caret-right\"><\/i>\t\t\t<\/span>\n\t\t\t\t\t\t\t\t\t<span class=\"elementor-button-text\">Inicie o seu teste gratuito<\/span>\n\t\t\t\t\t<\/span>\n\t\t\t\t\t<\/a>\n\t\t\t\t<\/div>\n\t\t\t\t\t\t\t\t<\/div>\n\t\t\t\t<\/div>\n\t\t\t\t\t<\/div>\n\t\t<\/div>\n\t\t\t\t\t<\/div>\n\t\t<\/section>\n\t\t\t\t<\/div>","protected":false},"excerpt":{"rendered":"<p>Sobre Kiopi Social Media Done Right Kiopi \u00e9 um aplicativo de marketing de m\u00eddia social que foi feito com inten\u00e7\u00e3o. Nossos criadores colocaram um pensamento cuidadoso e estrat\u00e9gico nesta plataforma para tornar o agendamento social em todas as principais redes de m\u00eddia social o mais simples e eficiente poss\u00edvel, ajudando voc\u00ea a gerenciar o Facebook, Instagram, Twitter, LinkedIn, voc\u00ea e seus clientes, [...]<\/p>","protected":false},"author":2,"featured_media":0,"parent":0,"menu_order":0,"comment_status":"closed","ping_status":"closed","template":"","meta":{"footnotes":""},"class_list":["post-227","page","type-page","status-publish","hentry"],"yoast_head":"<!-- This site is optimized with the Yoast SEO plugin v26.9 - https:\/\/yoast.com\/product\/yoast-seo-wordpress\/ -->\n<title>About KIOPI | Social Media Marketing Management Program<\/title>\n<meta name=\"description\" content=\"Want to Learn More About KIOPI? We&#039;re a Social Media Marketing and Social Media Management Company That Can Help Grow Your Business!\" \/>\n<meta name=\"robots\" content=\"index, follow, max-snippet:-1, max-image-preview:large, max-video-preview:-1\" \/>\n<link rel=\"canonical\" href=\"https:\/\/kiopi.com\/pt\/sobre-kiopi\/\" \/>\n<meta property=\"og:locale\" content=\"pt_BR\" \/>\n<meta property=\"og:type\" content=\"article\" \/>\n<meta property=\"og:title\" content=\"About KIOPI | Social Media Marketing Management Program\" \/>\n<meta property=\"og:description\" content=\"Want to Learn More About KIOPI? We&#039;re a Social Media Marketing and Social Media Management Company That Can Help Grow Your Business!\" \/>\n<meta property=\"og:url\" content=\"https:\/\/kiopi.com\/pt\/sobre-kiopi\/\" \/>\n<meta property=\"og:site_name\" content=\"KIOPI Social Media Management Software\" \/>\n<meta property=\"article:publisher\" content=\"https:\/\/www.facebook.com\/getkiopi\" \/>\n<meta property=\"article:modified_time\" content=\"2022-12-21T17:55:19+00:00\" \/>\n<meta property=\"og:image\" content=\"https:\/\/kiopi.com\/wp-content\/uploads\/2021\/07\/twitter-graphic-01.png\" \/>\n<meta name=\"twitter:card\" content=\"summary_large_image\" \/>\n<meta name=\"twitter:label1\" content=\"Est. tempo de leitura\" \/>\n\t<meta name=\"twitter:data1\" content=\"3 minutos\" \/>\n<script type=\"application\/ld+json\" class=\"yoast-schema-graph\">{\"@context\":\"https:\/\/schema.org\",\"@graph\":[{\"@type\":\"WebPage\",\"@id\":\"https:\/\/kiopi.com\/about-kiopi\/\",\"url\":\"https:\/\/kiopi.com\/about-kiopi\/\",\"name\":\"About KIOPI | Social Media Marketing Management Program\",\"isPartOf\":{\"@id\":\"https:\/\/kiopi.com\/#website\"},\"primaryImageOfPage\":{\"@id\":\"https:\/\/kiopi.com\/about-kiopi\/#primaryimage\"},\"image\":{\"@id\":\"https:\/\/kiopi.com\/about-kiopi\/#primaryimage\"},\"thumbnailUrl\":\"https:\/\/kiopi.com\/wp-content\/uploads\/2021\/07\/twitter-graphic-01.png\",\"datePublished\":\"2021-07-19T17:26:20+00:00\",\"dateModified\":\"2022-12-21T17:55:19+00:00\",\"description\":\"Want to Learn More About KIOPI? We're a Social Media Marketing and Social Media Management Company That Can Help Grow Your Business!\",\"breadcrumb\":{\"@id\":\"https:\/\/kiopi.com\/about-kiopi\/#breadcrumb\"},\"inLanguage\":\"pt-BR\",\"potentialAction\":[{\"@type\":\"ReadAction\",\"target\":[\"https:\/\/kiopi.com\/about-kiopi\/\"]}]},{\"@type\":\"ImageObject\",\"inLanguage\":\"pt-BR\",\"@id\":\"https:\/\/kiopi.com\/about-kiopi\/#primaryimage\",\"url\":\"https:\/\/kiopi.com\/wp-content\/uploads\/2021\/07\/twitter-graphic-01.png\",\"contentUrl\":\"https:\/\/kiopi.com\/wp-content\/uploads\/2021\/07\/twitter-graphic-01.png\"},{\"@type\":\"BreadcrumbList\",\"@id\":\"https:\/\/kiopi.com\/about-kiopi\/#breadcrumb\",\"itemListElement\":[{\"@type\":\"ListItem\",\"position\":1,\"name\":\"Home\",\"item\":\"https:\/\/kiopi.com\/\"},{\"@type\":\"ListItem\",\"position\":2,\"name\":\"About Kiopi\"}]},{\"@type\":\"WebSite\",\"@id\":\"https:\/\/kiopi.com\/#website\",\"url\":\"https:\/\/kiopi.com\/\",\"name\":\"KIOPI Social Media Management Software\",\"description\":\"\",\"publisher\":{\"@id\":\"https:\/\/kiopi.com\/#organization\"},\"potentialAction\":[{\"@type\":\"SearchAction\",\"target\":{\"@type\":\"EntryPoint\",\"urlTemplate\":\"https:\/\/kiopi.com\/?s={search_term_string}\"},\"query-input\":{\"@type\":\"PropertyValueSpecification\",\"valueRequired\":true,\"valueName\":\"search_term_string\"}}],\"inLanguage\":\"pt-BR\"},{\"@type\":\"Organization\",\"@id\":\"https:\/\/kiopi.com\/#organization\",\"name\":\"Kiopi Social Media Management Software\",\"url\":\"https:\/\/kiopi.com\/\",\"logo\":{\"@type\":\"ImageObject\",\"inLanguage\":\"pt-BR\",\"@id\":\"https:\/\/kiopi.com\/#\/schema\/logo\/image\/\",\"url\":\"https:\/\/kiopi.com\/wp-content\/uploads\/2021\/01\/cropped-kiopi-social-media-management-software.png\",\"contentUrl\":\"https:\/\/kiopi.com\/wp-content\/uploads\/2021\/01\/cropped-kiopi-social-media-management-software.png\",\"width\":674,\"height\":258,\"caption\":\"Kiopi Social Media Management Software\"},\"image\":{\"@id\":\"https:\/\/kiopi.com\/#\/schema\/logo\/image\/\"},\"sameAs\":[\"https:\/\/www.facebook.com\/getkiopi\"]}]}<\/script>\n<!-- \/ Yoast SEO plugin. -->","yoast_head_json":{"title":"Sobre a KIOPI | Programa de gerenciamento de marketing de m\u00eddia social","description":"Quer saber mais sobre o KIOPI? Somos uma empresa de marketing e gerenciamento de m\u00eddias sociais que pode ajudar a expandir seus neg\u00f3cios!","robots":{"index":"index","follow":"follow","max-snippet":"max-snippet:-1","max-image-preview":"max-image-preview:large","max-video-preview":"max-video-preview:-1"},"canonical":"https:\/\/kiopi.com\/pt\/sobre-kiopi\/","og_locale":"pt_BR","og_type":"article","og_title":"About KIOPI | Social Media Marketing Management Program","og_description":"Want to Learn More About KIOPI? We're a Social Media Marketing and Social Media Management Company That Can Help Grow Your Business!","og_url":"https:\/\/kiopi.com\/pt\/sobre-kiopi\/","og_site_name":"KIOPI Social Media Management Software","article_publisher":"https:\/\/www.facebook.com\/getkiopi","article_modified_time":"2022-12-21T17:55:19+00:00","og_image":[{"url":"https:\/\/kiopi.com\/wp-content\/uploads\/2021\/07\/twitter-graphic-01.png","type":"","width":"","height":""}],"twitter_card":"summary_large_image","twitter_misc":{"Est. tempo de leitura":"3 minutos"},"schema":{"@context":"https:\/\/schema.org","@graph":[{"@type":"WebPage","@id":"https:\/\/kiopi.com\/about-kiopi\/","url":"https:\/\/kiopi.com\/about-kiopi\/","name":"Sobre a KIOPI | Programa de gerenciamento de marketing de m\u00eddia social","isPartOf":{"@id":"https:\/\/kiopi.com\/#website"},"primaryImageOfPage":{"@id":"https:\/\/kiopi.com\/about-kiopi\/#primaryimage"},"image":{"@id":"https:\/\/kiopi.com\/about-kiopi\/#primaryimage"},"thumbnailUrl":"https:\/\/kiopi.com\/wp-content\/uploads\/2021\/07\/twitter-graphic-01.png","datePublished":"2021-07-19T17:26:20+00:00","dateModified":"2022-12-21T17:55:19+00:00","description":"Quer saber mais sobre o KIOPI? Somos uma empresa de marketing e gerenciamento de m\u00eddias sociais que pode ajudar a expandir seus neg\u00f3cios!","breadcrumb":{"@id":"https:\/\/kiopi.com\/about-kiopi\/#breadcrumb"},"inLanguage":"pt-BR","potentialAction":[{"@type":"ReadAction","target":["https:\/\/kiopi.com\/about-kiopi\/"]}]},{"@type":"ImageObject","inLanguage":"pt-BR","@id":"https:\/\/kiopi.com\/about-kiopi\/#primaryimage","url":"https:\/\/kiopi.com\/wp-content\/uploads\/2021\/07\/twitter-graphic-01.png","contentUrl":"https:\/\/kiopi.com\/wp-content\/uploads\/2021\/07\/twitter-graphic-01.png"},{"@type":"BreadcrumbList","@id":"https:\/\/kiopi.com\/about-kiopi\/#breadcrumb","itemListElement":[{"@type":"ListItem","position":1,"name":"Home","item":"https:\/\/kiopi.com\/"},{"@type":"ListItem","position":2,"name":"About Kiopi"}]},{"@type":"WebSite","@id":"https:\/\/kiopi.com\/#website","url":"https:\/\/kiopi.com\/","name":"Software de gerenciamento de m\u00eddia social KIOPI","description":"","publisher":{"@id":"https:\/\/kiopi.com\/#organization"},"potentialAction":[{"@type":"SearchAction","target":{"@type":"EntryPoint","urlTemplate":"https:\/\/kiopi.com\/?s={search_term_string}"},"query-input":{"@type":"PropertyValueSpecification","valueRequired":true,"valueName":"search_term_string"}}],"inLanguage":"pt-BR"},{"@type":"Organization","@id":"https:\/\/kiopi.com\/#organization","name":"Software de gerenciamento de m\u00eddia social Kiopi","url":"https:\/\/kiopi.com\/","logo":{"@type":"ImageObject","inLanguage":"pt-BR","@id":"https:\/\/kiopi.com\/#\/schema\/logo\/image\/","url":"https:\/\/kiopi.com\/wp-content\/uploads\/2021\/01\/cropped-kiopi-social-media-management-software.png","contentUrl":"https:\/\/kiopi.com\/wp-content\/uploads\/2021\/01\/cropped-kiopi-social-media-management-software.png","width":674,"height":258,"caption":"Kiopi Social Media Management Software"},"image":{"@id":"https:\/\/kiopi.com\/#\/schema\/logo\/image\/"},"sameAs":["https:\/\/www.facebook.com\/getkiopi"]}]}},"_links":{"self":[{"href":"https:\/\/kiopi.com\/pt\/wp-json\/wp\/v2\/pages\/227","targetHints":{"allow":["GET"]}}],"collection":[{"href":"https:\/\/kiopi.com\/pt\/wp-json\/wp\/v2\/pages"}],"about":[{"href":"https:\/\/kiopi.com\/pt\/wp-json\/wp\/v2\/types\/page"}],"author":[{"embeddable":true,"href":"https:\/\/kiopi.com\/pt\/wp-json\/wp\/v2\/users\/2"}],"replies":[{"embeddable":true,"href":"https:\/\/kiopi.com\/pt\/wp-json\/wp\/v2\/comments?post=227"}],"version-history":[{"count":0,"href":"https:\/\/kiopi.com\/pt\/wp-json\/wp\/v2\/pages\/227\/revisions"}],"wp:attachment":[{"href":"https:\/\/kiopi.com\/pt\/wp-json\/wp\/v2\/media?parent=227"}],"curies":[{"name":"wp","href":"https:\/\/api.w.org\/{rel}","templated":true}]}}