{"id":197,"date":"2021-07-16T14:10:14","date_gmt":"2021-07-16T14:10:14","guid":{"rendered":"https:\/\/kiopi.com\/?page_id=197"},"modified":"2023-11-27T19:11:34","modified_gmt":"2023-11-27T19:11:34","slug":"postando-no-twitter","status":"publish","type":"page","link":"https:\/\/kiopi.com\/pt\/postando-no-twitter\/","title":{"rendered":"Postando no Twitter"},"content":{"rendered":"<div data-elementor-type=\"wp-page\" data-elementor-id=\"197\" class=\"elementor elementor-197\" data-elementor-post-type=\"page\">\n\t\t\t\t\t\t<section class=\"elementor-section elementor-top-section elementor-element elementor-element-d8bbba5 elementor-section-height-min-height elementor-section-content-top dark-gradient elementor-section-boxed elementor-section-height-default elementor-section-items-middle\" data-id=\"d8bbba5\" data-element_type=\"section\" data-e-type=\"section\" data-settings=\"{&quot;shape_divider_bottom&quot;:&quot;waves&quot;,&quot;background_background&quot;:&quot;classic&quot;}\">\n\t\t\t\t\t\t\t<div class=\"elementor-background-overlay\"><\/div>\n\t\t\t\t\t\t<div class=\"elementor-shape elementor-shape-bottom\" aria-hidden=\"true\" data-negative=\"false\">\n\t\t\t<svg xmlns=\"http:\/\/www.w3.org\/2000\/svg\" viewbox=\"0 0 1000 100\" preserveaspectratio=\"none\">\n\t<path class=\"elementor-shape-fill\" d=\"M421.9,6.5c22.6-2.5,51.5,0.4,75.5,5.3c23.6,4.9,70.9,23.5,100.5,35.7c75.8,32.2,133.7,44.5,192.6,49.7\tc23.6,2.1,48.7,3.5,103.4-2.5c54.7-6,106.2-25.6,106.2-25.6V0H0v30.3c0,0,72,32.6,158.4,30.5c39.2-0.7,92.8-6.7,134-22.4\tc21.2-8.1,52.2-18.2,79.7-24.2C399.3,7.9,411.6,7.5,421.9,6.5z\"\/>\n<\/svg>\t\t<\/div>\n\t\t\t\t\t<div class=\"elementor-container elementor-column-gap-default\">\n\t\t\t\t\t<div class=\"elementor-column elementor-col-100 elementor-top-column elementor-element elementor-element-d9345c6\" data-id=\"d9345c6\" data-element_type=\"column\" data-e-type=\"column\">\n\t\t\t<div class=\"elementor-widget-wrap elementor-element-populated\">\n\t\t\t\t\t\t<div class=\"elementor-element elementor-element-9f35fd3 elementor-widget elementor-widget-heading\" data-id=\"9f35fd3\" data-element_type=\"widget\" data-e-type=\"widget\" data-widget_type=\"heading.default\">\n\t\t\t\t<div class=\"elementor-widget-container\">\n\t\t\t\t\t<h1 class=\"elementor-heading-title elementor-size-default\">Como postar no Twitter<\/h1>\t\t\t\t<\/div>\n\t\t\t\t<\/div>\n\t\t\t\t<div class=\"elementor-element elementor-element-cd8d456 elementor-align-center elementor-hidden-tablet elementor-hidden-mobile elementor-widget elementor-widget-breadcrumbs\" data-id=\"cd8d456\" data-element_type=\"widget\" data-e-type=\"widget\" data-widget_type=\"breadcrumbs.default\">\n\t\t\t\t<div class=\"elementor-widget-container\">\n\t\t\t\t\t<p id=\"breadcrumbs\"><span><span><a href=\"https:\/\/kiopi.com\/pt\/\">Lar<\/a><\/span><\/span><\/p>\t\t\t\t<\/div>\n\t\t\t\t<\/div>\n\t\t\t\t\t<\/div>\n\t\t<\/div>\n\t\t\t\t\t<\/div>\n\t\t<\/section>\n\t\t\t\t<section class=\"elementor-section elementor-top-section elementor-element elementor-element-0a2113d elementor-section-boxed elementor-section-height-default elementor-section-height-default\" data-id=\"0a2113d\" data-element_type=\"section\" data-e-type=\"section\" data-settings=\"{&quot;background_background&quot;:&quot;classic&quot;}\">\n\t\t\t\t\t\t<div class=\"elementor-container elementor-column-gap-no\">\n\t\t\t\t\t<div class=\"elementor-column elementor-col-100 elementor-top-column elementor-element elementor-element-140598c\" data-id=\"140598c\" data-element_type=\"column\" data-e-type=\"column\">\n\t\t\t<div class=\"elementor-widget-wrap elementor-element-populated\">\n\t\t\t\t\t\t<div class=\"elementor-element elementor-element-cc22bdb elementor-widget__width-initial elementor-widget-tablet__width-inherit elementor-widget-mobile__width-inherit elementor-widget elementor-widget-text-editor\" data-id=\"cc22bdb\" data-element_type=\"widget\" data-e-type=\"widget\" data-widget_type=\"text-editor.default\">\n\t\t\t\t<div class=\"elementor-widget-container\">\n\t\t\t\t\t\t\t\t\t<h2>Tweet e f\u00e1cil<\/h2><p><a href=\"https:\/\/www.digitallogic.co\/social-media-services\/\">Marketing de m\u00eddia social<\/a> se estende a todas as \u00e1reas da internet, pois voc\u00ea nunca sabe onde seu pr\u00f3ximo cliente ou cliente poder\u00e1 estar navegando. No entanto, n\u00e3o \u00e9 incomum que indiv\u00edduos e empresas considerem o Twitter principalmente como uma ferramenta de rela\u00e7\u00f5es p\u00fablicas.<\/p><p>A verdade \u00e9 que o Twitter pode ser usado para muito mais do que promover um novo produto ou servi\u00e7o. Quando usado corretamente, o Twitter pode ser uma forma fant\u00e1stica para as empresas se comunicarem instantaneamente com os consumidores, aumentarem o conhecimento da marca e estabelecerem seguidores dedicados.<\/p>\t\t\t\t\t\t\t\t<\/div>\n\t\t\t\t<\/div>\n\t\t\t\t<div class=\"elementor-element elementor-element-eb40844 elementor-align-left elementor-widget__width-inherit elementor-tablet-align-left elementor-widget-tablet__width-inherit elementor-widget elementor-widget-button\" data-id=\"eb40844\" data-element_type=\"widget\" data-e-type=\"widget\" data-widget_type=\"button.default\">\n\t\t\t\t<div class=\"elementor-widget-container\">\n\t\t\t\t\t\t\t\t\t<div class=\"elementor-button-wrapper\">\n\t\t\t\t\t<a class=\"elementor-button elementor-button-link elementor-size-sm\" href=\"https:\/\/app.kiopi.com\/plans\" target=\"_blank\">\n\t\t\t\t\t\t<span class=\"elementor-button-content-wrapper\">\n\t\t\t\t\t\t<span class=\"elementor-button-icon\">\n\t\t\t\t<i aria-hidden=\"true\" class=\"fas fa-caret-right\"><\/i>\t\t\t<\/span>\n\t\t\t\t\t\t\t\t\t<span class=\"elementor-button-text\">Inicie o seu teste gratuito<\/span>\n\t\t\t\t\t<\/span>\n\t\t\t\t\t<\/a>\n\t\t\t\t<\/div>\n\t\t\t\t\t\t\t\t<\/div>\n\t\t\t\t<\/div>\n\t\t\t\t\t<\/div>\n\t\t<\/div>\n\t\t\t\t\t<\/div>\n\t\t<\/section>\n\t\t\t\t<section class=\"elementor-section elementor-top-section elementor-element elementor-element-598bb9b elementor-section-boxed elementor-section-height-default elementor-section-height-default\" data-id=\"598bb9b\" data-element_type=\"section\" data-e-type=\"section\" data-settings=\"{&quot;background_background&quot;:&quot;gradient&quot;,&quot;shape_divider_top&quot;:&quot;waves&quot;,&quot;shape_divider_bottom&quot;:&quot;waves&quot;}\">\n\t\t\t\t\t\t\t<div class=\"elementor-background-overlay\"><\/div>\n\t\t\t\t\t\t<div class=\"elementor-shape elementor-shape-top\" aria-hidden=\"true\" data-negative=\"false\">\n\t\t\t<svg xmlns=\"http:\/\/www.w3.org\/2000\/svg\" viewbox=\"0 0 1000 100\" preserveaspectratio=\"none\">\n\t<path class=\"elementor-shape-fill\" d=\"M421.9,6.5c22.6-2.5,51.5,0.4,75.5,5.3c23.6,4.9,70.9,23.5,100.5,35.7c75.8,32.2,133.7,44.5,192.6,49.7\tc23.6,2.1,48.7,3.5,103.4-2.5c54.7-6,106.2-25.6,106.2-25.6V0H0v30.3c0,0,72,32.6,158.4,30.5c39.2-0.7,92.8-6.7,134-22.4\tc21.2-8.1,52.2-18.2,79.7-24.2C399.3,7.9,411.6,7.5,421.9,6.5z\"\/>\n<\/svg>\t\t<\/div>\n\t\t\t\t<div class=\"elementor-shape elementor-shape-bottom\" aria-hidden=\"true\" data-negative=\"false\">\n\t\t\t<svg xmlns=\"http:\/\/www.w3.org\/2000\/svg\" viewbox=\"0 0 1000 100\" preserveaspectratio=\"none\">\n\t<path class=\"elementor-shape-fill\" d=\"M421.9,6.5c22.6-2.5,51.5,0.4,75.5,5.3c23.6,4.9,70.9,23.5,100.5,35.7c75.8,32.2,133.7,44.5,192.6,49.7\tc23.6,2.1,48.7,3.5,103.4-2.5c54.7-6,106.2-25.6,106.2-25.6V0H0v30.3c0,0,72,32.6,158.4,30.5c39.2-0.7,92.8-6.7,134-22.4\tc21.2-8.1,52.2-18.2,79.7-24.2C399.3,7.9,411.6,7.5,421.9,6.5z\"\/>\n<\/svg>\t\t<\/div>\n\t\t\t\t\t<div class=\"elementor-container elementor-column-gap-default\">\n\t\t\t\t\t<div class=\"elementor-column elementor-col-100 elementor-top-column elementor-element elementor-element-ec74d5f\" data-id=\"ec74d5f\" data-element_type=\"column\" data-e-type=\"column\">\n\t\t\t<div class=\"elementor-widget-wrap elementor-element-populated\">\n\t\t\t\t\t\t<div class=\"elementor-element elementor-element-f0fb8c8 elementor-widget__width-initial elementor-widget-tablet__width-inherit elementor-widget elementor-widget-text-editor\" data-id=\"f0fb8c8\" data-element_type=\"widget\" data-e-type=\"widget\" data-widget_type=\"text-editor.default\">\n\t\t\t\t<div class=\"elementor-widget-container\">\n\t\t\t\t\t\t\t\t\t<h2><span style=\"color: #ffffff;\">O poder de um tweet<br \/><\/span><\/h2><p>Na \u00faltima d\u00e9cada, o Twitter se tornou uma das plataformas de m\u00eddia social mais utilizadas. Na verdade, existem quase 40 milh\u00f5es de usu\u00e1rios ativos do Twitter somente nos Estados Unidos. Isso torna o site uma mina de ouro para potenciais oportunidades de marketing. Com a estrat\u00e9gia certa, e muitas vezes at\u00e9 mesmo por pura sorte, um \u00fanico tweet pode alcan\u00e7ar os olhos de milh\u00f5es. Com esses n\u00fameros, n\u00e3o \u00e9 de admirar que tantas empresas incorporem o Twitter em seus <a href=\"https:\/\/kiopi.com\/pt\/blog\/como-criar-uma-estrategia-de-midia-social-eficaz\/\">estrat\u00e9gia de marketing em m\u00eddias sociais<\/a>.<\/p>\t\t\t\t\t\t\t\t<\/div>\n\t\t\t\t<\/div>\n\t\t\t\t<div class=\"elementor-element elementor-element-e40fddf elementor-widget__width-initial elementor-widget-tablet__width-initial elementor-widget-mobile__width-inherit elementor-widget elementor-widget-image\" data-id=\"e40fddf\" data-element_type=\"widget\" data-e-type=\"widget\" data-widget_type=\"image.default\">\n\t\t\t\t<div class=\"elementor-widget-container\">\n\t\t\t\t\t\t\t\t\t\t\t\t\t\t\t<img fetchpriority=\"high\" decoding=\"async\" width=\"600\" height=\"568\" src=\"https:\/\/kiopi.com\/wp-content\/uploads\/2021\/07\/twitter-graphic-01.png\" class=\"attachment-large size-large wp-image-145\" alt=\"Planejamento de m\u00eddia social com Kiopi\" srcset=\"https:\/\/kiopi.com\/wp-content\/uploads\/2021\/07\/twitter-graphic-01.png 600w, https:\/\/kiopi.com\/wp-content\/uploads\/2021\/07\/twitter-graphic-01-300x284.png 300w\" sizes=\"(max-width: 600px) 100vw, 600px\" \/>\t\t\t\t\t\t\t\t\t\t\t\t\t\t\t<\/div>\n\t\t\t\t<\/div>\n\t\t\t\t<div class=\"elementor-element elementor-element-9a1bc2a elementor-widget-tablet__width-inherit elementor-widget elementor-widget-text-editor\" data-id=\"9a1bc2a\" data-element_type=\"widget\" data-e-type=\"widget\" data-widget_type=\"text-editor.default\">\n\t\t\t\t<div class=\"elementor-widget-container\">\n\t\t\t\t\t\t\t\t\t<p>Postar regularmente no Twitter \u00e9 uma \u00f3tima maneira de atingir os consumidores atuais e futuros. Ao se envolver ativamente, voc\u00ea consegue conhecer seus consumidores e, potencialmente, construir um relacionamento mais forte com eles. Encontrar um t\u00f3pico relevante que se conecte \u00e0 sua base de clientes e iniciar uma discuss\u00e3o sobre ele \u00e9 o m\u00e9todo mais eficiente para conseguir isso. Tamb\u00e9m pode ajud\u00e1-lo a obter reconhecimento em sua \u00e1rea espec\u00edfica de neg\u00f3cios.<\/p><p>Incorporar o Twitter na estrat\u00e9gia de marketing da sua empresa tamb\u00e9m pode ser uma forma ben\u00e9fica de receber feedback dos clientes e obter informa\u00e7\u00f5es sobre o que eles procuram em rela\u00e7\u00e3o aos produtos e\/ou servi\u00e7os que voc\u00ea oferece. Construir um relacionamento com seus seguidores e mostrar-lhes que voc\u00ea est\u00e1 interessado no que eles t\u00eam a dizer pode ajud\u00e1-lo a conquistar o envolvimento do cliente, o que, por sua vez, ajuda a direcionar tr\u00e1fego e reconhecimento para sua marca.<\/p>\t\t\t\t\t\t\t\t<\/div>\n\t\t\t\t<\/div>\n\t\t\t\t\t<\/div>\n\t\t<\/div>\n\t\t\t\t\t<\/div>\n\t\t<\/section>\n\t\t\t\t<section class=\"elementor-section elementor-top-section elementor-element elementor-element-eb9b2f8 elementor-section-content-middle elementor-section-boxed elementor-section-height-default elementor-section-height-default\" data-id=\"eb9b2f8\" data-element_type=\"section\" data-e-type=\"section\">\n\t\t\t\t\t\t<div class=\"elementor-container elementor-column-gap-default\">\n\t\t\t\t\t<div class=\"elementor-column elementor-col-100 elementor-top-column elementor-element elementor-element-219becf\" data-id=\"219becf\" data-element_type=\"column\" data-e-type=\"column\">\n\t\t\t<div class=\"elementor-widget-wrap elementor-element-populated\">\n\t\t\t\t\t\t<div class=\"elementor-element elementor-element-9b6212a elementor-widget__width-initial elementor-widget-tablet__width-inherit elementor-widget elementor-widget-text-editor\" data-id=\"9b6212a\" data-element_type=\"widget\" data-e-type=\"widget\" data-widget_type=\"text-editor.default\">\n\t\t\t\t<div class=\"elementor-widget-container\">\n\t\t\t\t\t\t\t\t\t<h2>Programe seus tweets com Kiopi<\/h2><p>O resultado final \u00e9 que quanto mais voc\u00ea interage com os clientes, mais poderosa se torna sua presen\u00e7a online. E agora tenho certeza de que todos sabemos que uma presen\u00e7a on-line poderosa equivale essencialmente a um neg\u00f3cio saud\u00e1vel e pr\u00f3spero. \u00c9 por isso que \u00e9 crucial que as empresas gerem e divulguem conte\u00fado de qualidade de forma consistente e frequente. Kiopi pode ajudar com isso.<\/p><p>Quando voc\u00ea usa o Kiopi <a href=\"https:\/\/kiopi.com\/pt\/blog\/servico-de-postagem-em-midias-sociais\/\">servi\u00e7o de postagem social<\/a>, voc\u00ea pode agendar postagens em massa no Twitter, bem como em todas as outras principais plataformas de m\u00eddia social, com bastante anteced\u00eancia. Ao dedicar um esfor\u00e7o modesto para agendar essas postagens, voc\u00ea inevitavelmente economizar\u00e1 tempo e energia mais tarde. Voc\u00ea tamb\u00e9m evita o estresse de ter que se lembrar de postar de forma consistente.<\/p><p>Nossas ferramentas de publica\u00e7\u00e3o, como nosso\u00a0<a href=\"https:\/\/kiopi.com\/pt\/caracteristicas\/agendamento-social-com-kiopi\/\">ferramenta de agendamento de m\u00eddia social<\/a>,\u00a0<a href=\"https:\/\/kiopi.com\/pt\/caracteristicas\/calendario-de-conteudo-de-midia-social\/\">calend\u00e1rio de conte\u00fado<\/a>, <a href=\"https:\/\/kiopi.com\/pt\/caracteristicas\/gerador-de-postagem-de-midia-social-ai\/\">gerador de IA de m\u00eddia social<\/a>, <a href=\"https:\/\/kiopi.com\/pt\/blog\/monitoramento-do-twitter\/\">Monitor do Twitter<\/a>, e <a href=\"https:\/\/kiopi.com\/pt\/caracteristicas\/analise-de-midia-social\/\">ferramenta de an\u00e1lise de m\u00eddia social<\/a>, permitem que voc\u00ea planeje as entregas com anteced\u00eancia e mantenha todo o seu conte\u00fado organizado e acess\u00edvel. Esteja voc\u00ea procurando aumentar leads ou receitas ou aumentar o envolvimento geral do cliente, Kiopi oferece uma solu\u00e7\u00e3o para ajud\u00e1-lo a melhorar sua presen\u00e7a online. Experimente o Kiopi hoje e descubra todas as ferramentas que voc\u00ea precisa para simplificar o seu <a href=\"https:\/\/kiopi.com\/pt\/\">gerenciamento de m\u00eddias sociais<\/a>.<\/p>\t\t\t\t\t\t\t\t<\/div>\n\t\t\t\t<\/div>\n\t\t\t\t<div class=\"elementor-element elementor-element-a4c67a3 elementor-align-center elementor-widget__width-initial elementor-tablet-align-left elementor-widget-tablet__width-inherit elementor-widget elementor-widget-button\" data-id=\"a4c67a3\" data-element_type=\"widget\" data-e-type=\"widget\" data-widget_type=\"button.default\">\n\t\t\t\t<div class=\"elementor-widget-container\">\n\t\t\t\t\t\t\t\t\t<div class=\"elementor-button-wrapper\">\n\t\t\t\t\t<a class=\"elementor-button elementor-button-link elementor-size-sm\" href=\"https:\/\/app.kiopi.com\/plans\" target=\"_blank\">\n\t\t\t\t\t\t<span class=\"elementor-button-content-wrapper\">\n\t\t\t\t\t\t<span class=\"elementor-button-icon\">\n\t\t\t\t<i aria-hidden=\"true\" class=\"fas fa-caret-right\"><\/i>\t\t\t<\/span>\n\t\t\t\t\t\t\t\t\t<span class=\"elementor-button-text\">Inicie o seu teste gratuito<\/span>\n\t\t\t\t\t<\/span>\n\t\t\t\t\t<\/a>\n\t\t\t\t<\/div>\n\t\t\t\t\t\t\t\t<\/div>\n\t\t\t\t<\/div>\n\t\t\t\t\t<\/div>\n\t\t<\/div>\n\t\t\t\t\t<\/div>\n\t\t<\/section>\n\t\t\t\t<\/div>","protected":false},"excerpt":{"rendered":"<p>Como postar no Twitter Tweet e f\u00e1cil O marketing de m\u00eddia social se estende a todas as \u00e1reas da internet, pois voc\u00ea nunca sabe onde seu pr\u00f3ximo cliente ou cliente pode estar navegando. No entanto, n\u00e3o \u00e9 incomum que indiv\u00edduos e empresas considerem o Twitter principalmente como uma ferramenta de rela\u00e7\u00f5es p\u00fablicas. A verdade \u00e9 o Twitter [...]<\/p>","protected":false},"author":2,"featured_media":0,"parent":0,"menu_order":0,"comment_status":"closed","ping_status":"closed","template":"","meta":{"footnotes":""},"class_list":["post-197","page","type-page","status-publish","hentry"],"yoast_head":"<!-- This site is optimized with the Yoast SEO plugin v26.9 - https:\/\/yoast.com\/product\/yoast-seo-wordpress\/ -->\n<title>How to Post a Tweet on Twitter With KIOPI | How To Tweet<\/title>\n<meta name=\"description\" content=\"How to Tweet on Twitter Using KIOPI. KIOPI Lets You Post a Tweet, Schedule Tweets, and Organize Content at an Affordable Price. Try For Free.\" \/>\n<meta name=\"robots\" content=\"index, follow, max-snippet:-1, max-image-preview:large, max-video-preview:-1\" \/>\n<link rel=\"canonical\" href=\"https:\/\/kiopi.com\/pt\/postando-no-twitter\/\" \/>\n<meta property=\"og:locale\" content=\"pt_BR\" \/>\n<meta property=\"og:type\" content=\"article\" \/>\n<meta property=\"og:title\" content=\"How to Post a Tweet on Twitter With KIOPI | How To Tweet\" \/>\n<meta property=\"og:description\" content=\"How to Tweet on Twitter Using KIOPI. KIOPI Lets You Post a Tweet, Schedule Tweets, and Organize Content at an Affordable Price. Try For Free.\" \/>\n<meta property=\"og:url\" content=\"https:\/\/kiopi.com\/pt\/postando-no-twitter\/\" \/>\n<meta property=\"og:site_name\" content=\"KIOPI Social Media Management Software\" \/>\n<meta property=\"article:publisher\" content=\"https:\/\/www.facebook.com\/getkiopi\" \/>\n<meta property=\"article:modified_time\" content=\"2023-11-27T19:11:34+00:00\" \/>\n<meta property=\"og:image\" content=\"https:\/\/kiopi.com\/wp-content\/uploads\/2021\/07\/twitter-graphic-01.png\" \/>\n<meta name=\"twitter:card\" content=\"summary_large_image\" \/>\n<meta name=\"twitter:label1\" content=\"Est. tempo de leitura\" \/>\n\t<meta name=\"twitter:data1\" content=\"3 minutos\" \/>\n<script type=\"application\/ld+json\" class=\"yoast-schema-graph\">{\"@context\":\"https:\/\/schema.org\",\"@graph\":[{\"@type\":\"WebPage\",\"@id\":\"https:\/\/kiopi.com\/posting-to-twitter\/\",\"url\":\"https:\/\/kiopi.com\/posting-to-twitter\/\",\"name\":\"How to Post a Tweet on Twitter With KIOPI | How To Tweet\",\"isPartOf\":{\"@id\":\"https:\/\/kiopi.com\/#website\"},\"primaryImageOfPage\":{\"@id\":\"https:\/\/kiopi.com\/posting-to-twitter\/#primaryimage\"},\"image\":{\"@id\":\"https:\/\/kiopi.com\/posting-to-twitter\/#primaryimage\"},\"thumbnailUrl\":\"https:\/\/kiopi.com\/wp-content\/uploads\/2021\/07\/twitter-graphic-01.png\",\"datePublished\":\"2021-07-16T14:10:14+00:00\",\"dateModified\":\"2023-11-27T19:11:34+00:00\",\"description\":\"How to Tweet on Twitter Using KIOPI. KIOPI Lets You Post a Tweet, Schedule Tweets, and Organize Content at an Affordable Price. Try For Free.\",\"breadcrumb\":{\"@id\":\"https:\/\/kiopi.com\/posting-to-twitter\/#breadcrumb\"},\"inLanguage\":\"pt-BR\",\"potentialAction\":[{\"@type\":\"ReadAction\",\"target\":[\"https:\/\/kiopi.com\/posting-to-twitter\/\"]}]},{\"@type\":\"ImageObject\",\"inLanguage\":\"pt-BR\",\"@id\":\"https:\/\/kiopi.com\/posting-to-twitter\/#primaryimage\",\"url\":\"https:\/\/kiopi.com\/wp-content\/uploads\/2021\/07\/twitter-graphic-01.png\",\"contentUrl\":\"https:\/\/kiopi.com\/wp-content\/uploads\/2021\/07\/twitter-graphic-01.png\"},{\"@type\":\"BreadcrumbList\",\"@id\":\"https:\/\/kiopi.com\/posting-to-twitter\/#breadcrumb\",\"itemListElement\":[{\"@type\":\"ListItem\",\"position\":1,\"name\":\"Home\",\"item\":\"https:\/\/kiopi.com\/\"},{\"@type\":\"ListItem\",\"position\":2,\"name\":\"Posting to Twitter\"}]},{\"@type\":\"WebSite\",\"@id\":\"https:\/\/kiopi.com\/#website\",\"url\":\"https:\/\/kiopi.com\/\",\"name\":\"KIOPI Social Media Management Software\",\"description\":\"\",\"publisher\":{\"@id\":\"https:\/\/kiopi.com\/#organization\"},\"potentialAction\":[{\"@type\":\"SearchAction\",\"target\":{\"@type\":\"EntryPoint\",\"urlTemplate\":\"https:\/\/kiopi.com\/?s={search_term_string}\"},\"query-input\":{\"@type\":\"PropertyValueSpecification\",\"valueRequired\":true,\"valueName\":\"search_term_string\"}}],\"inLanguage\":\"pt-BR\"},{\"@type\":\"Organization\",\"@id\":\"https:\/\/kiopi.com\/#organization\",\"name\":\"Kiopi Social Media Management Software\",\"url\":\"https:\/\/kiopi.com\/\",\"logo\":{\"@type\":\"ImageObject\",\"inLanguage\":\"pt-BR\",\"@id\":\"https:\/\/kiopi.com\/#\/schema\/logo\/image\/\",\"url\":\"https:\/\/kiopi.com\/wp-content\/uploads\/2021\/01\/cropped-kiopi-social-media-management-software.png\",\"contentUrl\":\"https:\/\/kiopi.com\/wp-content\/uploads\/2021\/01\/cropped-kiopi-social-media-management-software.png\",\"width\":674,\"height\":258,\"caption\":\"Kiopi Social Media Management Software\"},\"image\":{\"@id\":\"https:\/\/kiopi.com\/#\/schema\/logo\/image\/\"},\"sameAs\":[\"https:\/\/www.facebook.com\/getkiopi\"]}]}<\/script>\n<!-- \/ Yoast SEO plugin. -->","yoast_head_json":{"title":"Como postar um tweet no Twitter com KIOPI | Como twittar","description":"Como tweetar no Twitter usando KIOPI. KIOPI permite postar um tweet, agendar tweets e organizar conte\u00fado a um pre\u00e7o acess\u00edvel. Experimentar gratuitamente.","robots":{"index":"index","follow":"follow","max-snippet":"max-snippet:-1","max-image-preview":"max-image-preview:large","max-video-preview":"max-video-preview:-1"},"canonical":"https:\/\/kiopi.com\/pt\/postando-no-twitter\/","og_locale":"pt_BR","og_type":"article","og_title":"How to Post a Tweet on Twitter With KIOPI | How To Tweet","og_description":"How to Tweet on Twitter Using KIOPI. KIOPI Lets You Post a Tweet, Schedule Tweets, and Organize Content at an Affordable Price. Try For Free.","og_url":"https:\/\/kiopi.com\/pt\/postando-no-twitter\/","og_site_name":"KIOPI Social Media Management Software","article_publisher":"https:\/\/www.facebook.com\/getkiopi","article_modified_time":"2023-11-27T19:11:34+00:00","og_image":[{"url":"https:\/\/kiopi.com\/wp-content\/uploads\/2021\/07\/twitter-graphic-01.png","type":"","width":"","height":""}],"twitter_card":"summary_large_image","twitter_misc":{"Est. tempo de leitura":"3 minutos"},"schema":{"@context":"https:\/\/schema.org","@graph":[{"@type":"WebPage","@id":"https:\/\/kiopi.com\/posting-to-twitter\/","url":"https:\/\/kiopi.com\/posting-to-twitter\/","name":"Como postar um tweet no Twitter com KIOPI | Como twittar","isPartOf":{"@id":"https:\/\/kiopi.com\/#website"},"primaryImageOfPage":{"@id":"https:\/\/kiopi.com\/posting-to-twitter\/#primaryimage"},"image":{"@id":"https:\/\/kiopi.com\/posting-to-twitter\/#primaryimage"},"thumbnailUrl":"https:\/\/kiopi.com\/wp-content\/uploads\/2021\/07\/twitter-graphic-01.png","datePublished":"2021-07-16T14:10:14+00:00","dateModified":"2023-11-27T19:11:34+00:00","description":"Como tweetar no Twitter usando KIOPI. KIOPI permite postar um tweet, agendar tweets e organizar conte\u00fado a um pre\u00e7o acess\u00edvel. Experimentar gratuitamente.","breadcrumb":{"@id":"https:\/\/kiopi.com\/posting-to-twitter\/#breadcrumb"},"inLanguage":"pt-BR","potentialAction":[{"@type":"ReadAction","target":["https:\/\/kiopi.com\/posting-to-twitter\/"]}]},{"@type":"ImageObject","inLanguage":"pt-BR","@id":"https:\/\/kiopi.com\/posting-to-twitter\/#primaryimage","url":"https:\/\/kiopi.com\/wp-content\/uploads\/2021\/07\/twitter-graphic-01.png","contentUrl":"https:\/\/kiopi.com\/wp-content\/uploads\/2021\/07\/twitter-graphic-01.png"},{"@type":"BreadcrumbList","@id":"https:\/\/kiopi.com\/posting-to-twitter\/#breadcrumb","itemListElement":[{"@type":"ListItem","position":1,"name":"Home","item":"https:\/\/kiopi.com\/"},{"@type":"ListItem","position":2,"name":"Posting to Twitter"}]},{"@type":"WebSite","@id":"https:\/\/kiopi.com\/#website","url":"https:\/\/kiopi.com\/","name":"Software de gerenciamento de m\u00eddia social KIOPI","description":"","publisher":{"@id":"https:\/\/kiopi.com\/#organization"},"potentialAction":[{"@type":"SearchAction","target":{"@type":"EntryPoint","urlTemplate":"https:\/\/kiopi.com\/?s={search_term_string}"},"query-input":{"@type":"PropertyValueSpecification","valueRequired":true,"valueName":"search_term_string"}}],"inLanguage":"pt-BR"},{"@type":"Organization","@id":"https:\/\/kiopi.com\/#organization","name":"Software de gerenciamento de m\u00eddia social Kiopi","url":"https:\/\/kiopi.com\/","logo":{"@type":"ImageObject","inLanguage":"pt-BR","@id":"https:\/\/kiopi.com\/#\/schema\/logo\/image\/","url":"https:\/\/kiopi.com\/wp-content\/uploads\/2021\/01\/cropped-kiopi-social-media-management-software.png","contentUrl":"https:\/\/kiopi.com\/wp-content\/uploads\/2021\/01\/cropped-kiopi-social-media-management-software.png","width":674,"height":258,"caption":"Kiopi Social Media Management Software"},"image":{"@id":"https:\/\/kiopi.com\/#\/schema\/logo\/image\/"},"sameAs":["https:\/\/www.facebook.com\/getkiopi"]}]}},"_links":{"self":[{"href":"https:\/\/kiopi.com\/pt\/wp-json\/wp\/v2\/pages\/197","targetHints":{"allow":["GET"]}}],"collection":[{"href":"https:\/\/kiopi.com\/pt\/wp-json\/wp\/v2\/pages"}],"about":[{"href":"https:\/\/kiopi.com\/pt\/wp-json\/wp\/v2\/types\/page"}],"author":[{"embeddable":true,"href":"https:\/\/kiopi.com\/pt\/wp-json\/wp\/v2\/users\/2"}],"replies":[{"embeddable":true,"href":"https:\/\/kiopi.com\/pt\/wp-json\/wp\/v2\/comments?post=197"}],"version-history":[{"count":0,"href":"https:\/\/kiopi.com\/pt\/wp-json\/wp\/v2\/pages\/197\/revisions"}],"wp:attachment":[{"href":"https:\/\/kiopi.com\/pt\/wp-json\/wp\/v2\/media?parent=197"}],"curies":[{"name":"wp","href":"https:\/\/api.w.org\/{rel}","templated":true}]}}