{"id":182,"date":"2021-07-15T19:21:17","date_gmt":"2021-07-15T19:21:17","guid":{"rendered":"https:\/\/kiopi.com\/?page_id=182"},"modified":"2023-02-21T18:56:33","modified_gmt":"2023-02-21T18:56:33","slug":"postando-no-gmb","status":"publish","type":"page","link":"https:\/\/kiopi.com\/pt\/postando-no-gmb\/","title":{"rendered":"Postagem no Google Meu Neg\u00f3cio"},"content":{"rendered":"<div data-elementor-type=\"wp-page\" data-elementor-id=\"182\" class=\"elementor elementor-182\" data-elementor-post-type=\"page\">\n\t\t\t\t\t\t<section class=\"elementor-section elementor-top-section elementor-element elementor-element-e5da0dc elementor-section-height-min-height elementor-section-content-top dark-gradient elementor-section-boxed elementor-section-height-default elementor-section-items-middle\" data-id=\"e5da0dc\" data-element_type=\"section\" data-e-type=\"section\" data-settings=\"{&quot;shape_divider_bottom&quot;:&quot;waves&quot;,&quot;background_background&quot;:&quot;classic&quot;}\">\n\t\t\t\t\t\t\t<div class=\"elementor-background-overlay\"><\/div>\n\t\t\t\t\t\t<div class=\"elementor-shape elementor-shape-bottom\" aria-hidden=\"true\" data-negative=\"false\">\n\t\t\t<svg xmlns=\"http:\/\/www.w3.org\/2000\/svg\" viewbox=\"0 0 1000 100\" preserveaspectratio=\"none\">\n\t<path class=\"elementor-shape-fill\" d=\"M421.9,6.5c22.6-2.5,51.5,0.4,75.5,5.3c23.6,4.9,70.9,23.5,100.5,35.7c75.8,32.2,133.7,44.5,192.6,49.7\tc23.6,2.1,48.7,3.5,103.4-2.5c54.7-6,106.2-25.6,106.2-25.6V0H0v30.3c0,0,72,32.6,158.4,30.5c39.2-0.7,92.8-6.7,134-22.4\tc21.2-8.1,52.2-18.2,79.7-24.2C399.3,7.9,411.6,7.5,421.9,6.5z\"\/>\n<\/svg>\t\t<\/div>\n\t\t\t\t\t<div class=\"elementor-container elementor-column-gap-default\">\n\t\t\t\t\t<div class=\"elementor-column elementor-col-100 elementor-top-column elementor-element elementor-element-cf64b80\" data-id=\"cf64b80\" data-element_type=\"column\" data-e-type=\"column\">\n\t\t\t<div class=\"elementor-widget-wrap elementor-element-populated\">\n\t\t\t\t\t\t<div class=\"elementor-element elementor-element-1fde306 elementor-widget elementor-widget-heading\" data-id=\"1fde306\" data-element_type=\"widget\" data-e-type=\"widget\" data-widget_type=\"heading.default\">\n\t\t\t\t<div class=\"elementor-widget-container\">\n\t\t\t\t\t<h1 class=\"elementor-heading-title elementor-size-default\">Como postar no Google Meu Neg\u00f3cio<\/h1>\t\t\t\t<\/div>\n\t\t\t\t<\/div>\n\t\t\t\t<div class=\"elementor-element elementor-element-c460c35 elementor-align-center elementor-hidden-tablet elementor-hidden-mobile elementor-widget elementor-widget-breadcrumbs\" data-id=\"c460c35\" data-element_type=\"widget\" data-e-type=\"widget\" data-widget_type=\"breadcrumbs.default\">\n\t\t\t\t<div class=\"elementor-widget-container\">\n\t\t\t\t\t<p id=\"breadcrumbs\"><span><span><a href=\"https:\/\/kiopi.com\/pt\/\">Lar<\/a><\/span><\/span><\/p>\t\t\t\t<\/div>\n\t\t\t\t<\/div>\n\t\t\t\t\t<\/div>\n\t\t<\/div>\n\t\t\t\t\t<\/div>\n\t\t<\/section>\n\t\t\t\t<section class=\"elementor-section elementor-top-section elementor-element elementor-element-db60a14 elementor-section-height-min-height elementor-section-boxed elementor-section-height-default elementor-section-items-middle\" data-id=\"db60a14\" data-element_type=\"section\" data-e-type=\"section\" data-settings=\"{&quot;background_background&quot;:&quot;classic&quot;}\">\n\t\t\t\t\t\t<div class=\"elementor-container elementor-column-gap-no\">\n\t\t\t\t\t<div class=\"elementor-column elementor-col-100 elementor-top-column elementor-element elementor-element-e9bf674\" data-id=\"e9bf674\" data-element_type=\"column\" data-e-type=\"column\">\n\t\t\t<div class=\"elementor-widget-wrap elementor-element-populated\">\n\t\t\t\t\t\t<div class=\"elementor-element elementor-element-47d544e elementor-widget elementor-widget-heading\" data-id=\"47d544e\" data-element_type=\"widget\" data-e-type=\"widget\" data-widget_type=\"heading.default\">\n\t\t\t\t<div class=\"elementor-widget-container\">\n\t\t\t\t\t<h2 class=\"elementor-heading-title elementor-size-default\">R\u00e1pido e f\u00e1cil<\/h2>\t\t\t\t<\/div>\n\t\t\t\t<\/div>\n\t\t\t\t<div class=\"elementor-element elementor-element-fd15e4a elementor-widget__width-initial elementor-widget-tablet__width-inherit elementor-widget-mobile__width-inherit elementor-widget elementor-widget-text-editor\" data-id=\"fd15e4a\" data-element_type=\"widget\" data-e-type=\"widget\" data-widget_type=\"text-editor.default\">\n\t\t\t\t<div class=\"elementor-widget-container\">\n\t\t\t\t\t\t\t\t\t<p>Muitas pessoas aproveitariam a oportunidade de comercializar seus neg\u00f3cios e anunciar produtos, promo\u00e7\u00f5es, promo\u00e7\u00f5es, eventos e ofertas, tudo de gra\u00e7a. \u00c9 exatamente por isso que empresas de todos os tipos est\u00e3o aproveitando a oportunidade de criar um perfil do Google Meu Neg\u00f3cio.<\/p><p>Com o GMB, voc\u00ea obter\u00e1 maior visibilidade para as frases de pesquisa mais essenciais para o seu neg\u00f3cio e promover\u00e1 sua marca para um p\u00fablico maior \u2013 tudo isso sem gastar um centavo. Se voc\u00ea n\u00e3o estiver utilizando o GMB para seu <a href=\"https:\/\/kiopi.com\/pt\/blog\/publicidade-em-midias-sociais\/\">publicidade em m\u00eddias sociais<\/a> esfor\u00e7os ainda, o que voc\u00ea est\u00e1 esperando?<\/p>\t\t\t\t\t\t\t\t<\/div>\n\t\t\t\t<\/div>\n\t\t\t\t<div class=\"elementor-element elementor-element-cb4d8ee elementor-align-left elementor-widget__width-inherit elementor-tablet-align-left elementor-widget-tablet__width-inherit elementor-widget elementor-widget-button\" data-id=\"cb4d8ee\" data-element_type=\"widget\" data-e-type=\"widget\" data-widget_type=\"button.default\">\n\t\t\t\t<div class=\"elementor-widget-container\">\n\t\t\t\t\t\t\t\t\t<div class=\"elementor-button-wrapper\">\n\t\t\t\t\t<a class=\"elementor-button elementor-button-link elementor-size-sm\" href=\"https:\/\/app.kiopi.com\/plans\" target=\"_blank\">\n\t\t\t\t\t\t<span class=\"elementor-button-content-wrapper\">\n\t\t\t\t\t\t<span class=\"elementor-button-icon\">\n\t\t\t\t<i aria-hidden=\"true\" class=\"fas fa-caret-right\"><\/i>\t\t\t<\/span>\n\t\t\t\t\t\t\t\t\t<span class=\"elementor-button-text\">Inicie o seu teste gratuito<\/span>\n\t\t\t\t\t<\/span>\n\t\t\t\t\t<\/a>\n\t\t\t\t<\/div>\n\t\t\t\t\t\t\t\t<\/div>\n\t\t\t\t<\/div>\n\t\t\t\t\t<\/div>\n\t\t<\/div>\n\t\t\t\t\t<\/div>\n\t\t<\/section>\n\t\t\t\t<section class=\"elementor-section elementor-top-section elementor-element elementor-element-4c6a985 elementor-section-boxed elementor-section-height-default elementor-section-height-default\" data-id=\"4c6a985\" data-element_type=\"section\" data-e-type=\"section\" data-settings=\"{&quot;background_background&quot;:&quot;gradient&quot;,&quot;shape_divider_top&quot;:&quot;waves&quot;,&quot;shape_divider_bottom&quot;:&quot;waves&quot;}\">\n\t\t\t\t\t\t\t<div class=\"elementor-background-overlay\"><\/div>\n\t\t\t\t\t\t<div class=\"elementor-shape elementor-shape-top\" aria-hidden=\"true\" data-negative=\"false\">\n\t\t\t<svg xmlns=\"http:\/\/www.w3.org\/2000\/svg\" viewbox=\"0 0 1000 100\" preserveaspectratio=\"none\">\n\t<path class=\"elementor-shape-fill\" d=\"M421.9,6.5c22.6-2.5,51.5,0.4,75.5,5.3c23.6,4.9,70.9,23.5,100.5,35.7c75.8,32.2,133.7,44.5,192.6,49.7\tc23.6,2.1,48.7,3.5,103.4-2.5c54.7-6,106.2-25.6,106.2-25.6V0H0v30.3c0,0,72,32.6,158.4,30.5c39.2-0.7,92.8-6.7,134-22.4\tc21.2-8.1,52.2-18.2,79.7-24.2C399.3,7.9,411.6,7.5,421.9,6.5z\"\/>\n<\/svg>\t\t<\/div>\n\t\t\t\t<div class=\"elementor-shape elementor-shape-bottom\" aria-hidden=\"true\" data-negative=\"false\">\n\t\t\t<svg xmlns=\"http:\/\/www.w3.org\/2000\/svg\" viewbox=\"0 0 1000 100\" preserveaspectratio=\"none\">\n\t<path class=\"elementor-shape-fill\" d=\"M421.9,6.5c22.6-2.5,51.5,0.4,75.5,5.3c23.6,4.9,70.9,23.5,100.5,35.7c75.8,32.2,133.7,44.5,192.6,49.7\tc23.6,2.1,48.7,3.5,103.4-2.5c54.7-6,106.2-25.6,106.2-25.6V0H0v30.3c0,0,72,32.6,158.4,30.5c39.2-0.7,92.8-6.7,134-22.4\tc21.2-8.1,52.2-18.2,79.7-24.2C399.3,7.9,411.6,7.5,421.9,6.5z\"\/>\n<\/svg>\t\t<\/div>\n\t\t\t\t\t<div class=\"elementor-container elementor-column-gap-default\">\n\t\t\t\t\t<div class=\"elementor-column elementor-col-100 elementor-top-column elementor-element elementor-element-edb8e5e\" data-id=\"edb8e5e\" data-element_type=\"column\" data-e-type=\"column\">\n\t\t\t<div class=\"elementor-widget-wrap elementor-element-populated\">\n\t\t\t\t\t\t<div class=\"elementor-element elementor-element-0479ed4 elementor-widget__width-initial elementor-widget-tablet__width-inherit elementor-widget elementor-widget-text-editor\" data-id=\"0479ed4\" data-element_type=\"widget\" data-e-type=\"widget\" data-widget_type=\"text-editor.default\">\n\t\t\t\t<div class=\"elementor-widget-container\">\n\t\t\t\t\t\t\t\t\t<h2><span style=\"color: #ffffff;\">O que \u00e9 GMB?<\/span><\/h2><p>Se voc\u00ea n\u00e3o est\u00e1 familiarizado com o Google Meu Neg\u00f3cio (ou GMB, para abreviar), deveria estar! GMB \u00e9 uma ferramenta gratuita para empresas e organiza\u00e7\u00f5es gerenciarem sua presen\u00e7a online no Google. Ele usa consultas de pesquisa e mapas para ajudar os clientes a encontrar o que procuram: VOC\u00ca! Ao autenticar sua empresa, voc\u00ea pode tornar mais f\u00e1cil para os consumidores encontrarem voc\u00ea, conhecerem sua hist\u00f3ria e entrarem em contato com voc\u00ea.<\/p><p>No GMB, voc\u00ea pode escolher o que deseja que os usu\u00e1rios do Google vejam quando pesquisarem sua empresa e\/ou os servi\u00e7os e produtos que voc\u00ea oferece. Detalhes como hor\u00e1rio de funcionamento, endere\u00e7o e links de sites podem ser inclu\u00eddos. As avalia\u00e7\u00f5es dos clientes tamb\u00e9m s\u00e3o incorporadas, onde outros usu\u00e1rios podem ler as avalia\u00e7\u00f5es anteriores e voc\u00ea, como propriet\u00e1rio da empresa, pode at\u00e9 responder a essas avalia\u00e7\u00f5es.<\/p>\t\t\t\t\t\t\t\t<\/div>\n\t\t\t\t<\/div>\n\t\t\t\t<div class=\"elementor-element elementor-element-f2579e3 elementor-widget__width-initial elementor-widget-tablet__width-initial elementor-widget-mobile__width-inherit elementor-widget elementor-widget-image\" data-id=\"f2579e3\" data-element_type=\"widget\" data-e-type=\"widget\" data-widget_type=\"image.default\">\n\t\t\t\t<div class=\"elementor-widget-container\">\n\t\t\t\t\t\t\t\t\t\t\t\t\t\t\t<img fetchpriority=\"high\" decoding=\"async\" width=\"600\" height=\"568\" src=\"https:\/\/kiopi.com\/wp-content\/uploads\/2021\/07\/twitter-graphic-01.png\" class=\"attachment-large size-large wp-image-145\" alt=\"Planejamento de m\u00eddia social com Kiopi\" srcset=\"https:\/\/kiopi.com\/wp-content\/uploads\/2021\/07\/twitter-graphic-01.png 600w, https:\/\/kiopi.com\/wp-content\/uploads\/2021\/07\/twitter-graphic-01-300x284.png 300w\" sizes=\"(max-width: 600px) 100vw, 600px\" \/>\t\t\t\t\t\t\t\t\t\t\t\t\t\t\t<\/div>\n\t\t\t\t<\/div>\n\t\t\t\t<div class=\"elementor-element elementor-element-eddb8c3 elementor-widget__width-initial elementor-widget-tablet__width-initial elementor-widget-mobile__width-inherit elementor-hidden-phone elementor-hidden-tablet elementor-widget elementor-widget-image\" data-id=\"eddb8c3\" data-element_type=\"widget\" data-e-type=\"widget\" data-widget_type=\"image.default\">\n\t\t\t\t<div class=\"elementor-widget-container\">\n\t\t\t\t\t\t\t\t\t\t\t\t\t\t\t<img decoding=\"async\" width=\"594\" height=\"583\" src=\"https:\/\/kiopi.com\/wp-content\/uploads\/2021\/07\/kiopi-social-media-management-software-facebook.png\" class=\"attachment-large size-large wp-image-242\" alt=\"Postando no Facebook\" srcset=\"https:\/\/kiopi.com\/wp-content\/uploads\/2021\/07\/kiopi-social-media-management-software-facebook.png 594w, https:\/\/kiopi.com\/wp-content\/uploads\/2021\/07\/kiopi-social-media-management-software-facebook-300x294.png 300w\" sizes=\"(max-width: 594px) 100vw, 594px\" \/>\t\t\t\t\t\t\t\t\t\t\t\t\t\t\t<\/div>\n\t\t\t\t<\/div>\n\t\t\t\t<div class=\"elementor-element elementor-element-9fc6750 elementor-widget__width-initial elementor-widget-tablet__width-inherit elementor-widget elementor-widget-text-editor\" data-id=\"9fc6750\" data-element_type=\"widget\" data-e-type=\"widget\" data-widget_type=\"text-editor.default\">\n\t\t\t\t<div class=\"elementor-widget-container\">\n\t\t\t\t\t\t\t\t\t<h2><span style=\"color: #ffffff;\">Por que as postagens do GMB s\u00e3o importantes<\/span><\/h2><p>O GMB tamb\u00e9m permite que voc\u00ea publique fotos no perfil da sua empresa. Na verdade, de acordo com o pr\u00f3prio Google, as empresas com fotos inclu\u00eddas em seus perfis recebem 42% mais consultas para obter dire\u00e7\u00f5es no Google Maps e 35% mais cliques para acessar seus sites do que aquelas que n\u00e3o t\u00eam.<\/p><p>A postagem regular tamb\u00e9m pode aumentar drasticamente sua classifica\u00e7\u00e3o no Google e, portanto, o envolvimento que voc\u00ea recebe de clientes em potencial. Essas fotos podem mostrar qualquer coisa, desde seu pr\u00e9dio ou escrit\u00f3rio, funcion\u00e1rios, produtos e assim por diante.<\/p>\t\t\t\t\t\t\t\t<\/div>\n\t\t\t\t<\/div>\n\t\t\t\t\t<\/div>\n\t\t<\/div>\n\t\t\t\t\t<\/div>\n\t\t<\/section>\n\t\t\t\t<section class=\"elementor-section elementor-top-section elementor-element elementor-element-3b489fb elementor-section-content-middle elementor-section-boxed elementor-section-height-default elementor-section-height-default\" data-id=\"3b489fb\" data-element_type=\"section\" data-e-type=\"section\">\n\t\t\t\t\t\t<div class=\"elementor-container elementor-column-gap-default\">\n\t\t\t\t\t<div class=\"elementor-column elementor-col-100 elementor-top-column elementor-element elementor-element-df1a8ab\" data-id=\"df1a8ab\" data-element_type=\"column\" data-e-type=\"column\">\n\t\t\t<div class=\"elementor-widget-wrap elementor-element-populated\">\n\t\t\t\t\t\t<div class=\"elementor-element elementor-element-04c161c elementor-widget__width-initial elementor-widget-tablet__width-inherit elementor-widget elementor-widget-text-editor\" data-id=\"04c161c\" data-element_type=\"widget\" data-e-type=\"widget\" data-widget_type=\"text-editor.default\">\n\t\t\t\t<div class=\"elementor-widget-container\">\n\t\t\t\t\t\t\t\t\t<h2>Agende postagens do GMB com Kiopi<\/h2><p>Agora que voc\u00ea sabe o impacto que a postagem de fotos no seu GMB pode causar, por que n\u00e3o optaria por faz\u00ea-lo com a maior frequ\u00eancia poss\u00edvel? Al\u00e9m, talvez, da natureza tediosa disso e do fato de que voc\u00ea provavelmente n\u00e3o se lembrar\u00e1 de fazer isso todos os dias. Felizmente, Kiopi pode ajudar com isso!<\/p><p>Ao usar o Kiopi, voc\u00ea pode agendar postagens em massa no GMB e em todas as outras principais plataformas de m\u00eddia social (<a href=\"https:\/\/kiopi.com\/pt\/postando-no-facebook\/\">Facebook<\/a>, <a href=\"https:\/\/kiopi.com\/pt\/postando-no-twitter\/\">Twitter<\/a>, <a href=\"https:\/\/kiopi.com\/pt\/postando-no-instagram\/\">Instagram<\/a>, <a href=\"https:\/\/kiopi.com\/pt\/postando-no-linkedin\/\">LinkedIn<\/a>) com meses de anteced\u00eancia. Ao dedicar um pouco de tempo para agendar essas postagens, voc\u00ea acaba economizando muito tempo no longo prazo. Voc\u00ea tamb\u00e9m evita o inc\u00f4modo de lembrar de postar com frequ\u00eancia para aumentar seu envolvimento.<\/p><p>Vamos ser sinceros, um perfil GMB + Kiopi&#039;s <a href=\"https:\/\/kiopi.com\/pt\/\">servi\u00e7os de gerenciamento de m\u00eddia social<\/a> = uma combina\u00e7\u00e3o feita no c\u00e9u.<\/p>\t\t\t\t\t\t\t\t<\/div>\n\t\t\t\t<\/div>\n\t\t\t\t<div class=\"elementor-element elementor-element-14eed99 elementor-align-center elementor-widget__width-initial elementor-tablet-align-left elementor-widget-tablet__width-inherit elementor-widget elementor-widget-button\" data-id=\"14eed99\" data-element_type=\"widget\" data-e-type=\"widget\" data-widget_type=\"button.default\">\n\t\t\t\t<div class=\"elementor-widget-container\">\n\t\t\t\t\t\t\t\t\t<div class=\"elementor-button-wrapper\">\n\t\t\t\t\t<a class=\"elementor-button elementor-button-link elementor-size-sm\" href=\"https:\/\/app.kiopi.com\/plans\" target=\"_blank\">\n\t\t\t\t\t\t<span class=\"elementor-button-content-wrapper\">\n\t\t\t\t\t\t<span class=\"elementor-button-icon\">\n\t\t\t\t<i aria-hidden=\"true\" class=\"fas fa-caret-right\"><\/i>\t\t\t<\/span>\n\t\t\t\t\t\t\t\t\t<span class=\"elementor-button-text\">Inicie o seu teste gratuito<\/span>\n\t\t\t\t\t<\/span>\n\t\t\t\t\t<\/a>\n\t\t\t\t<\/div>\n\t\t\t\t\t\t\t\t<\/div>\n\t\t\t\t<\/div>\n\t\t\t\t\t<\/div>\n\t\t<\/div>\n\t\t\t\t\t<\/div>\n\t\t<\/section>\n\t\t\t\t<\/div>","protected":false},"excerpt":{"rendered":"<p>Como postar no Google Meu Neg\u00f3cio de maneira r\u00e1pida e f\u00e1cil Muitas pessoas aproveitariam a oportunidade de comercializar seus neg\u00f3cios e anunciar produtos, promo\u00e7\u00f5es, promo\u00e7\u00f5es, eventos e ofertas, tudo de gra\u00e7a. \u00c9 exatamente por isso que empresas de todos os tipos est\u00e3o aproveitando a oportunidade de criar um perfil do Google Meu Neg\u00f3cio. Com o GMB, voc\u00ea [...]<\/p>","protected":false},"author":2,"featured_media":0,"parent":0,"menu_order":0,"comment_status":"closed","ping_status":"closed","template":"","meta":{"footnotes":""},"class_list":["post-182","page","type-page","status-publish","hentry"],"yoast_head":"<!-- This site is optimized with the Yoast SEO plugin v26.9 - https:\/\/yoast.com\/product\/yoast-seo-wordpress\/ -->\n<title>How to Post to Google My Business Using KIOPI | GMB Posts<\/title>\n<meta name=\"description\" content=\"Wondering How to Post to Google My Business Quickly? KIOPI Lets You Schedule Multiple GMB Posts Quickly and Easily. Try KIOPI For Free Today!\" \/>\n<meta name=\"robots\" content=\"index, follow, max-snippet:-1, max-image-preview:large, max-video-preview:-1\" \/>\n<link rel=\"canonical\" href=\"https:\/\/kiopi.com\/pt\/postando-no-gmb\/\" \/>\n<meta property=\"og:locale\" content=\"pt_BR\" \/>\n<meta property=\"og:type\" content=\"article\" \/>\n<meta property=\"og:title\" content=\"How to Post to Google My Business Using KIOPI | GMB Posts\" \/>\n<meta property=\"og:description\" content=\"Wondering How to Post to Google My Business Quickly? KIOPI Lets You Schedule Multiple GMB Posts Quickly and Easily. Try KIOPI For Free Today!\" \/>\n<meta property=\"og:url\" content=\"https:\/\/kiopi.com\/pt\/postando-no-gmb\/\" \/>\n<meta property=\"og:site_name\" content=\"KIOPI Social Media Management Software\" \/>\n<meta property=\"article:publisher\" content=\"https:\/\/www.facebook.com\/getkiopi\" \/>\n<meta property=\"article:modified_time\" content=\"2023-02-21T18:56:33+00:00\" \/>\n<meta property=\"og:image\" content=\"https:\/\/kiopi.com\/wp-content\/uploads\/2021\/07\/twitter-graphic-01.png\" \/>\n<meta name=\"twitter:card\" content=\"summary_large_image\" \/>\n<meta name=\"twitter:label1\" content=\"Est. tempo de leitura\" \/>\n\t<meta name=\"twitter:data1\" content=\"3 minutos\" \/>\n<script type=\"application\/ld+json\" class=\"yoast-schema-graph\">{\"@context\":\"https:\/\/schema.org\",\"@graph\":[{\"@type\":\"WebPage\",\"@id\":\"https:\/\/kiopi.com\/posting-to-gmb\/\",\"url\":\"https:\/\/kiopi.com\/posting-to-gmb\/\",\"name\":\"How to Post to Google My Business Using KIOPI | GMB Posts\",\"isPartOf\":{\"@id\":\"https:\/\/kiopi.com\/#website\"},\"primaryImageOfPage\":{\"@id\":\"https:\/\/kiopi.com\/posting-to-gmb\/#primaryimage\"},\"image\":{\"@id\":\"https:\/\/kiopi.com\/posting-to-gmb\/#primaryimage\"},\"thumbnailUrl\":\"https:\/\/kiopi.com\/wp-content\/uploads\/2021\/07\/twitter-graphic-01.png\",\"datePublished\":\"2021-07-15T19:21:17+00:00\",\"dateModified\":\"2023-02-21T18:56:33+00:00\",\"description\":\"Wondering How to Post to Google My Business Quickly? KIOPI Lets You Schedule Multiple GMB Posts Quickly and Easily. Try KIOPI For Free Today!\",\"breadcrumb\":{\"@id\":\"https:\/\/kiopi.com\/posting-to-gmb\/#breadcrumb\"},\"inLanguage\":\"pt-BR\",\"potentialAction\":[{\"@type\":\"ReadAction\",\"target\":[\"https:\/\/kiopi.com\/posting-to-gmb\/\"]}]},{\"@type\":\"ImageObject\",\"inLanguage\":\"pt-BR\",\"@id\":\"https:\/\/kiopi.com\/posting-to-gmb\/#primaryimage\",\"url\":\"https:\/\/kiopi.com\/wp-content\/uploads\/2021\/07\/twitter-graphic-01.png\",\"contentUrl\":\"https:\/\/kiopi.com\/wp-content\/uploads\/2021\/07\/twitter-graphic-01.png\"},{\"@type\":\"BreadcrumbList\",\"@id\":\"https:\/\/kiopi.com\/posting-to-gmb\/#breadcrumb\",\"itemListElement\":[{\"@type\":\"ListItem\",\"position\":1,\"name\":\"Home\",\"item\":\"https:\/\/kiopi.com\/\"},{\"@type\":\"ListItem\",\"position\":2,\"name\":\"Posting to Google My Business\"}]},{\"@type\":\"WebSite\",\"@id\":\"https:\/\/kiopi.com\/#website\",\"url\":\"https:\/\/kiopi.com\/\",\"name\":\"KIOPI Social Media Management Software\",\"description\":\"\",\"publisher\":{\"@id\":\"https:\/\/kiopi.com\/#organization\"},\"potentialAction\":[{\"@type\":\"SearchAction\",\"target\":{\"@type\":\"EntryPoint\",\"urlTemplate\":\"https:\/\/kiopi.com\/?s={search_term_string}\"},\"query-input\":{\"@type\":\"PropertyValueSpecification\",\"valueRequired\":true,\"valueName\":\"search_term_string\"}}],\"inLanguage\":\"pt-BR\"},{\"@type\":\"Organization\",\"@id\":\"https:\/\/kiopi.com\/#organization\",\"name\":\"Kiopi Social Media Management Software\",\"url\":\"https:\/\/kiopi.com\/\",\"logo\":{\"@type\":\"ImageObject\",\"inLanguage\":\"pt-BR\",\"@id\":\"https:\/\/kiopi.com\/#\/schema\/logo\/image\/\",\"url\":\"https:\/\/kiopi.com\/wp-content\/uploads\/2021\/01\/cropped-kiopi-social-media-management-software.png\",\"contentUrl\":\"https:\/\/kiopi.com\/wp-content\/uploads\/2021\/01\/cropped-kiopi-social-media-management-software.png\",\"width\":674,\"height\":258,\"caption\":\"Kiopi Social Media Management Software\"},\"image\":{\"@id\":\"https:\/\/kiopi.com\/#\/schema\/logo\/image\/\"},\"sameAs\":[\"https:\/\/www.facebook.com\/getkiopi\"]}]}<\/script>\n<!-- \/ Yoast SEO plugin. -->","yoast_head_json":{"title":"Como postar no Google Meu Neg\u00f3cio usando KIOPI | Postagens do GMB","description":"Quer saber como postar no Google Meu Neg\u00f3cio rapidamente? KIOPI permite agendar v\u00e1rias postagens no GMB de forma r\u00e1pida e f\u00e1cil. Experimente o KIOPI gratuitamente hoje!","robots":{"index":"index","follow":"follow","max-snippet":"max-snippet:-1","max-image-preview":"max-image-preview:large","max-video-preview":"max-video-preview:-1"},"canonical":"https:\/\/kiopi.com\/pt\/postando-no-gmb\/","og_locale":"pt_BR","og_type":"article","og_title":"How to Post to Google My Business Using KIOPI | GMB Posts","og_description":"Wondering How to Post to Google My Business Quickly? KIOPI Lets You Schedule Multiple GMB Posts Quickly and Easily. Try KIOPI For Free Today!","og_url":"https:\/\/kiopi.com\/pt\/postando-no-gmb\/","og_site_name":"KIOPI Social Media Management Software","article_publisher":"https:\/\/www.facebook.com\/getkiopi","article_modified_time":"2023-02-21T18:56:33+00:00","og_image":[{"url":"https:\/\/kiopi.com\/wp-content\/uploads\/2021\/07\/twitter-graphic-01.png","type":"","width":"","height":""}],"twitter_card":"summary_large_image","twitter_misc":{"Est. tempo de leitura":"3 minutos"},"schema":{"@context":"https:\/\/schema.org","@graph":[{"@type":"WebPage","@id":"https:\/\/kiopi.com\/posting-to-gmb\/","url":"https:\/\/kiopi.com\/posting-to-gmb\/","name":"Como postar no Google Meu Neg\u00f3cio usando KIOPI | Postagens do GMB","isPartOf":{"@id":"https:\/\/kiopi.com\/#website"},"primaryImageOfPage":{"@id":"https:\/\/kiopi.com\/posting-to-gmb\/#primaryimage"},"image":{"@id":"https:\/\/kiopi.com\/posting-to-gmb\/#primaryimage"},"thumbnailUrl":"https:\/\/kiopi.com\/wp-content\/uploads\/2021\/07\/twitter-graphic-01.png","datePublished":"2021-07-15T19:21:17+00:00","dateModified":"2023-02-21T18:56:33+00:00","description":"Quer saber como postar no Google Meu Neg\u00f3cio rapidamente? KIOPI permite agendar v\u00e1rias postagens no GMB de forma r\u00e1pida e f\u00e1cil. Experimente o KIOPI gratuitamente hoje!","breadcrumb":{"@id":"https:\/\/kiopi.com\/posting-to-gmb\/#breadcrumb"},"inLanguage":"pt-BR","potentialAction":[{"@type":"ReadAction","target":["https:\/\/kiopi.com\/posting-to-gmb\/"]}]},{"@type":"ImageObject","inLanguage":"pt-BR","@id":"https:\/\/kiopi.com\/posting-to-gmb\/#primaryimage","url":"https:\/\/kiopi.com\/wp-content\/uploads\/2021\/07\/twitter-graphic-01.png","contentUrl":"https:\/\/kiopi.com\/wp-content\/uploads\/2021\/07\/twitter-graphic-01.png"},{"@type":"BreadcrumbList","@id":"https:\/\/kiopi.com\/posting-to-gmb\/#breadcrumb","itemListElement":[{"@type":"ListItem","position":1,"name":"Home","item":"https:\/\/kiopi.com\/"},{"@type":"ListItem","position":2,"name":"Posting to Google My Business"}]},{"@type":"WebSite","@id":"https:\/\/kiopi.com\/#website","url":"https:\/\/kiopi.com\/","name":"Software de gerenciamento de m\u00eddia social KIOPI","description":"","publisher":{"@id":"https:\/\/kiopi.com\/#organization"},"potentialAction":[{"@type":"SearchAction","target":{"@type":"EntryPoint","urlTemplate":"https:\/\/kiopi.com\/?s={search_term_string}"},"query-input":{"@type":"PropertyValueSpecification","valueRequired":true,"valueName":"search_term_string"}}],"inLanguage":"pt-BR"},{"@type":"Organization","@id":"https:\/\/kiopi.com\/#organization","name":"Software de gerenciamento de m\u00eddia social Kiopi","url":"https:\/\/kiopi.com\/","logo":{"@type":"ImageObject","inLanguage":"pt-BR","@id":"https:\/\/kiopi.com\/#\/schema\/logo\/image\/","url":"https:\/\/kiopi.com\/wp-content\/uploads\/2021\/01\/cropped-kiopi-social-media-management-software.png","contentUrl":"https:\/\/kiopi.com\/wp-content\/uploads\/2021\/01\/cropped-kiopi-social-media-management-software.png","width":674,"height":258,"caption":"Kiopi Social Media Management Software"},"image":{"@id":"https:\/\/kiopi.com\/#\/schema\/logo\/image\/"},"sameAs":["https:\/\/www.facebook.com\/getkiopi"]}]}},"_links":{"self":[{"href":"https:\/\/kiopi.com\/pt\/wp-json\/wp\/v2\/pages\/182","targetHints":{"allow":["GET"]}}],"collection":[{"href":"https:\/\/kiopi.com\/pt\/wp-json\/wp\/v2\/pages"}],"about":[{"href":"https:\/\/kiopi.com\/pt\/wp-json\/wp\/v2\/types\/page"}],"author":[{"embeddable":true,"href":"https:\/\/kiopi.com\/pt\/wp-json\/wp\/v2\/users\/2"}],"replies":[{"embeddable":true,"href":"https:\/\/kiopi.com\/pt\/wp-json\/wp\/v2\/comments?post=182"}],"version-history":[{"count":0,"href":"https:\/\/kiopi.com\/pt\/wp-json\/wp\/v2\/pages\/182\/revisions"}],"wp:attachment":[{"href":"https:\/\/kiopi.com\/pt\/wp-json\/wp\/v2\/media?parent=182"}],"curies":[{"name":"wp","href":"https:\/\/api.w.org\/{rel}","templated":true}]}}